{"id":343,"date":"2020-01-14T11:58:29","date_gmt":"2020-01-14T09:58:29","guid":{"rendered":"https:\/\/christophe.dalem.fr\/?page_id=343"},"modified":"2021-11-13T18:39:59","modified_gmt":"2021-11-13T16:39:59","slug":"legeretes-furtives","status":"publish","type":"page","link":"https:\/\/christophe.dalem.fr\/index.php\/legeretes-furtives\/","title":{"rendered":"L\u00e9g\u00e8ret\u00e9s furtives"},"content":{"rendered":"\n<p>Une s\u00e9rie des photos montrant de brefs moments amusants ou surprenants. Ils sont souvent aper\u00e7us dans la rue mais finalement ils se produisent partout. Mais je n&rsquo;ai pas toujours la vivacit\u00e9 pour les saisir.<\/p>\n\n\n\n<p>Ces instants, pour peu que l&rsquo;on ait un peu d&rsquo;imagination, permettent parfois d&rsquo;\u00e9gailler une journ\u00e9e.<\/p>\n\n\n\n<figure class=\"wp-block-gallery aligncenter columns-1 wp-block-gallery-1 is-layout-flex wp-block-gallery-is-layout-flex\"><ul class=\"blocks-gallery-grid\"><li class=\"blocks-gallery-item\"><figure><a href=\"https:\/\/christophe.dalem.fr\/wp-content\/uploads\/2020\/01\/LegeretesFurtives-11.jpg\"><img loading=\"lazy\" decoding=\"async\" width=\"683\" height=\"1024\" src=\"https:\/\/christophe.dalem.fr\/wp-content\/uploads\/2020\/01\/LegeretesFurtives-11-683x1024.jpg\" alt=\"Cache-cache !\" data-id=\"339\" data-full-url=\"https:\/\/christophe.dalem.fr\/wp-content\/uploads\/2020\/01\/LegeretesFurtives-11.jpg\" data-link=\"https:\/\/christophe.dalem.fr\/cache-cache\/\" class=\"wp-image-339\" srcset=\"https:\/\/christophe.dalem.fr\/wp-content\/uploads\/2020\/01\/LegeretesFurtives-11-683x1024.jpg 683w, https:\/\/christophe.dalem.fr\/wp-content\/uploads\/2020\/01\/LegeretesFurtives-11-200x300.jpg 200w, https:\/\/christophe.dalem.fr\/wp-content\/uploads\/2020\/01\/LegeretesFurtives-11-100x150.jpg 100w, https:\/\/christophe.dalem.fr\/wp-content\/uploads\/2020\/01\/LegeretesFurtives-11-768x1152.jpg 768w, https:\/\/christophe.dalem.fr\/wp-content\/uploads\/2020\/01\/LegeretesFurtives-11-1024x1536.jpg 1024w, https:\/\/christophe.dalem.fr\/wp-content\/uploads\/2020\/01\/LegeretesFurtives-11.jpg 1280w\" sizes=\"auto, (max-width: 683px) 100vw, 683px\" \/><\/a><\/figure><\/li><li class=\"blocks-gallery-item\"><figure><a href=\"https:\/\/christophe.dalem.fr\/wp-content\/uploads\/2020\/01\/LegeretesFurtives-09.jpg\"><img loading=\"lazy\" decoding=\"async\" width=\"1024\" height=\"604\" src=\"https:\/\/christophe.dalem.fr\/wp-content\/uploads\/2020\/01\/LegeretesFurtives-09-1024x604.jpg\" alt=\"Animaux alcooliques anonymes\" data-id=\"338\" data-full-url=\"https:\/\/christophe.dalem.fr\/wp-content\/uploads\/2020\/01\/LegeretesFurtives-09.jpg\" data-link=\"https:\/\/christophe.dalem.fr\/animaux-alcooliques-anonymes\/\" class=\"wp-image-338\" srcset=\"https:\/\/christophe.dalem.fr\/wp-content\/uploads\/2020\/01\/LegeretesFurtives-09-1024x604.jpg 1024w, https:\/\/christophe.dalem.fr\/wp-content\/uploads\/2020\/01\/LegeretesFurtives-09-300x177.jpg 300w, https:\/\/christophe.dalem.fr\/wp-content\/uploads\/2020\/01\/LegeretesFurtives-09-150x88.jpg 150w, https:\/\/christophe.dalem.fr\/wp-content\/uploads\/2020\/01\/LegeretesFurtives-09-768x453.jpg 768w, https:\/\/christophe.dalem.fr\/wp-content\/uploads\/2020\/01\/LegeretesFurtives-09-1536x906.jpg 1536w, https:\/\/christophe.dalem.fr\/wp-content\/uploads\/2020\/01\/LegeretesFurtives-09.jpg 1920w\" sizes=\"auto, (max-width: 1024px) 100vw, 1024px\" \/><\/a><figcaption class=\"blocks-gallery-item__caption\">Animaux alcooliques anonymes<\/figcaption><\/figure><\/li><li class=\"blocks-gallery-item\"><figure><a href=\"https:\/\/christophe.dalem.fr\/wp-content\/uploads\/2020\/01\/LegeretesFurtives-08.jpg\"><img loading=\"lazy\" decoding=\"async\" width=\"683\" height=\"1024\" src=\"https:\/\/christophe.dalem.fr\/wp-content\/uploads\/2020\/01\/LegeretesFurtives-08-683x1024.jpg\" alt=\"Symboles du grand amour ?\" data-id=\"337\" data-full-url=\"https:\/\/christophe.dalem.fr\/wp-content\/uploads\/2020\/01\/LegeretesFurtives-08.jpg\" data-link=\"https:\/\/christophe.dalem.fr\/symboles-du-grand-amour\/\" class=\"wp-image-337\" srcset=\"https:\/\/christophe.dalem.fr\/wp-content\/uploads\/2020\/01\/LegeretesFurtives-08-683x1024.jpg 683w, https:\/\/christophe.dalem.fr\/wp-content\/uploads\/2020\/01\/LegeretesFurtives-08-200x300.jpg 200w, https:\/\/christophe.dalem.fr\/wp-content\/uploads\/2020\/01\/LegeretesFurtives-08-100x150.jpg 100w, https:\/\/christophe.dalem.fr\/wp-content\/uploads\/2020\/01\/LegeretesFurtives-08-768x1152.jpg 768w, https:\/\/christophe.dalem.fr\/wp-content\/uploads\/2020\/01\/LegeretesFurtives-08-1024x1536.jpg 1024w, https:\/\/christophe.dalem.fr\/wp-content\/uploads\/2020\/01\/LegeretesFurtives-08.jpg 1280w\" sizes=\"auto, (max-width: 683px) 100vw, 683px\" \/><\/a><\/figure><\/li><li class=\"blocks-gallery-item\"><figure><a href=\"https:\/\/christophe.dalem.fr\/wp-content\/uploads\/2020\/01\/LegeretesFurtives-05.jpg\"><img loading=\"lazy\" decoding=\"async\" width=\"1024\" height=\"1024\" src=\"https:\/\/christophe.dalem.fr\/wp-content\/uploads\/2020\/01\/LegeretesFurtives-05-1024x1024.jpg\" alt=\"Sous l'oeil du voyeur\" data-id=\"334\" data-full-url=\"https:\/\/christophe.dalem.fr\/wp-content\/uploads\/2020\/01\/LegeretesFurtives-05.jpg\" data-link=\"https:\/\/christophe.dalem.fr\/sous-loeil-du-voyeur\/\" class=\"wp-image-334\" srcset=\"https:\/\/christophe.dalem.fr\/wp-content\/uploads\/2020\/01\/LegeretesFurtives-05-1024x1024.jpg 1024w, https:\/\/christophe.dalem.fr\/wp-content\/uploads\/2020\/01\/LegeretesFurtives-05-300x300.jpg 300w, https:\/\/christophe.dalem.fr\/wp-content\/uploads\/2020\/01\/LegeretesFurtives-05-150x150.jpg 150w, https:\/\/christophe.dalem.fr\/wp-content\/uploads\/2020\/01\/LegeretesFurtives-05-768x768.jpg 768w, https:\/\/christophe.dalem.fr\/wp-content\/uploads\/2020\/01\/LegeretesFurtives-05-1536x1536.jpg 1536w, https:\/\/christophe.dalem.fr\/wp-content\/uploads\/2020\/01\/LegeretesFurtives-05-640x640.jpg 640w, https:\/\/christophe.dalem.fr\/wp-content\/uploads\/2020\/01\/LegeretesFurtives-05-50x50.jpg 50w, https:\/\/christophe.dalem.fr\/wp-content\/uploads\/2020\/01\/LegeretesFurtives-05.jpg 1920w\" sizes=\"auto, (max-width: 1024px) 100vw, 1024px\" \/><\/a><\/figure><\/li><li class=\"blocks-gallery-item\"><figure><a href=\"https:\/\/christophe.dalem.fr\/wp-content\/uploads\/2020\/01\/LegeretesFurtives-04.jpg\"><img loading=\"lazy\" decoding=\"async\" width=\"1024\" height=\"678\" src=\"https:\/\/christophe.dalem.fr\/wp-content\/uploads\/2020\/01\/LegeretesFurtives-04-1024x678.jpg\" alt=\"Equipement idoine\" data-id=\"333\" data-full-url=\"https:\/\/christophe.dalem.fr\/wp-content\/uploads\/2020\/01\/LegeretesFurtives-04.jpg\" data-link=\"https:\/\/christophe.dalem.fr\/legeretesfurtives-04\/\" class=\"wp-image-333\" srcset=\"https:\/\/christophe.dalem.fr\/wp-content\/uploads\/2020\/01\/LegeretesFurtives-04-1024x678.jpg 1024w, https:\/\/christophe.dalem.fr\/wp-content\/uploads\/2020\/01\/LegeretesFurtives-04-300x199.jpg 300w, https:\/\/christophe.dalem.fr\/wp-content\/uploads\/2020\/01\/LegeretesFurtives-04-150x99.jpg 150w, https:\/\/christophe.dalem.fr\/wp-content\/uploads\/2020\/01\/LegeretesFurtives-04-768x509.jpg 768w, https:\/\/christophe.dalem.fr\/wp-content\/uploads\/2020\/01\/LegeretesFurtives-04-1536x1018.jpg 1536w, https:\/\/christophe.dalem.fr\/wp-content\/uploads\/2020\/01\/LegeretesFurtives-04.jpg 1920w\" sizes=\"auto, (max-width: 1024px) 100vw, 1024px\" \/><\/a><\/figure><\/li><li class=\"blocks-gallery-item\"><figure><a href=\"https:\/\/christophe.dalem.fr\/wp-content\/uploads\/2020\/01\/LegeretesFurtives-14.jpg\"><img loading=\"lazy\" decoding=\"async\" width=\"1024\" height=\"1024\" src=\"https:\/\/christophe.dalem.fr\/wp-content\/uploads\/2020\/01\/LegeretesFurtives-14-1024x1024.jpg\" alt=\"Convivialit\u00e9 urbaine\" data-id=\"342\" data-full-url=\"https:\/\/christophe.dalem.fr\/wp-content\/uploads\/2020\/01\/LegeretesFurtives-14.jpg\" data-link=\"https:\/\/christophe.dalem.fr\/convivialite-urbaine\/\" class=\"wp-image-342\" srcset=\"https:\/\/christophe.dalem.fr\/wp-content\/uploads\/2020\/01\/LegeretesFurtives-14-1024x1024.jpg 1024w, https:\/\/christophe.dalem.fr\/wp-content\/uploads\/2020\/01\/LegeretesFurtives-14-300x300.jpg 300w, https:\/\/christophe.dalem.fr\/wp-content\/uploads\/2020\/01\/LegeretesFurtives-14-150x150.jpg 150w, https:\/\/christophe.dalem.fr\/wp-content\/uploads\/2020\/01\/LegeretesFurtives-14-768x768.jpg 768w, https:\/\/christophe.dalem.fr\/wp-content\/uploads\/2020\/01\/LegeretesFurtives-14-1536x1536.jpg 1536w, https:\/\/christophe.dalem.fr\/wp-content\/uploads\/2020\/01\/LegeretesFurtives-14-640x640.jpg 640w, https:\/\/christophe.dalem.fr\/wp-content\/uploads\/2020\/01\/LegeretesFurtives-14-50x50.jpg 50w, https:\/\/christophe.dalem.fr\/wp-content\/uploads\/2020\/01\/LegeretesFurtives-14.jpg 1920w\" sizes=\"auto, (max-width: 1024px) 100vw, 1024px\" \/><\/a><\/figure><\/li><li class=\"blocks-gallery-item\"><figure><a href=\"https:\/\/christophe.dalem.fr\/wp-content\/uploads\/2020\/01\/LegeretesFurtives-13.jpg\"><img loading=\"lazy\" decoding=\"async\" width=\"683\" height=\"1024\" src=\"https:\/\/christophe.dalem.fr\/wp-content\/uploads\/2020\/01\/LegeretesFurtives-13-683x1024.jpg\" alt=\"Haute coulure\" data-id=\"341\" data-full-url=\"https:\/\/christophe.dalem.fr\/wp-content\/uploads\/2020\/01\/LegeretesFurtives-13.jpg\" data-link=\"https:\/\/christophe.dalem.fr\/haute-coulure\/\" class=\"wp-image-341\" srcset=\"https:\/\/christophe.dalem.fr\/wp-content\/uploads\/2020\/01\/LegeretesFurtives-13-683x1024.jpg 683w, https:\/\/christophe.dalem.fr\/wp-content\/uploads\/2020\/01\/LegeretesFurtives-13-200x300.jpg 200w, https:\/\/christophe.dalem.fr\/wp-content\/uploads\/2020\/01\/LegeretesFurtives-13-100x150.jpg 100w, https:\/\/christophe.dalem.fr\/wp-content\/uploads\/2020\/01\/LegeretesFurtives-13-768x1151.jpg 768w, https:\/\/christophe.dalem.fr\/wp-content\/uploads\/2020\/01\/LegeretesFurtives-13-1025x1536.jpg 1025w, https:\/\/christophe.dalem.fr\/wp-content\/uploads\/2020\/01\/LegeretesFurtives-13.jpg 1281w\" sizes=\"auto, (max-width: 683px) 100vw, 683px\" \/><\/a><\/figure><\/li><\/ul><\/figure>\n","protected":false},"excerpt":{"rendered":"<p>Une s\u00e9rie des photos montrant de brefs moments amusants ou surprenants. Ils sont souvent aper\u00e7us dans la rue mais finalement ils se produisent partout. Mais je n&rsquo;ai pas toujours la vivacit\u00e9 pour les saisir. Ces instants, pour peu que l&rsquo;on ait un peu d&rsquo;imagination, permettent parfois d&rsquo;\u00e9gailler une journ\u00e9e.<\/p>\n","protected":false},"author":1,"featured_media":339,"parent":0,"menu_order":0,"comment_status":"open","ping_status":"closed","template":"","meta":{"footnotes":""},"class_list":["post-343","page","type-page","status-publish","has-post-thumbnail","hentry","entry"],"yoast_head":"<!-- This site is optimized with the Yoast SEO plugin v27.4 - https:\/\/yoast.com\/product\/yoast-seo-wordpress\/ -->\n<title>L\u00e9g\u00e8ret\u00e9s furtives - Christophe Dalem<\/title>\n<meta name=\"robots\" content=\"index, follow, max-snippet:-1, max-image-preview:large, max-video-preview:-1\" \/>\n<link rel=\"canonical\" href=\"https:\/\/christophe.dalem.fr\/index.php\/legeretes-furtives\/\" \/>\n<meta property=\"og:locale\" content=\"fr_FR\" \/>\n<meta property=\"og:type\" content=\"article\" \/>\n<meta property=\"og:title\" content=\"L\u00e9g\u00e8ret\u00e9s furtives - Christophe Dalem\" \/>\n<meta property=\"og:description\" content=\"Une s\u00e9rie des photos montrant de brefs moments amusants ou surprenants. Ils sont souvent aper\u00e7us dans la rue mais finalement ils se produisent partout. Mais je n&rsquo;ai pas toujours la vivacit\u00e9 pour les saisir. Ces instants, pour peu que l&rsquo;on ait un peu d&rsquo;imagination, permettent parfois d&rsquo;\u00e9gailler une journ\u00e9e.\" \/>\n<meta property=\"og:url\" content=\"https:\/\/christophe.dalem.fr\/index.php\/legeretes-furtives\/\" \/>\n<meta property=\"og:site_name\" content=\"Christophe Dalem\" \/>\n<meta property=\"article:modified_time\" content=\"2021-11-13T16:39:59+00:00\" \/>\n<meta property=\"og:image\" content=\"https:\/\/christophe.dalem.fr\/wp-content\/uploads\/2020\/01\/LegeretesFurtives-11.jpg\" \/>\n\t<meta property=\"og:image:width\" content=\"1280\" \/>\n\t<meta property=\"og:image:height\" content=\"1920\" \/>\n\t<meta property=\"og:image:type\" content=\"image\/jpeg\" \/>\n<meta name=\"twitter:card\" content=\"summary_large_image\" \/>\n<meta name=\"twitter:label1\" content=\"Dur\u00e9e de lecture estim\u00e9e\" \/>\n\t<meta name=\"twitter:data1\" content=\"2 minutes\" \/>\n<script type=\"application\/ld+json\" class=\"yoast-schema-graph\">{\"@context\":\"https:\\\/\\\/schema.org\",\"@graph\":[{\"@type\":\"WebPage\",\"@id\":\"https:\\\/\\\/christophe.dalem.fr\\\/index.php\\\/legeretes-furtives\\\/\",\"url\":\"https:\\\/\\\/christophe.dalem.fr\\\/index.php\\\/legeretes-furtives\\\/\",\"name\":\"L\u00e9g\u00e8ret\u00e9s furtives - Christophe Dalem\",\"isPartOf\":{\"@id\":\"https:\\\/\\\/christophe.dalem.fr\\\/#website\"},\"primaryImageOfPage\":{\"@id\":\"https:\\\/\\\/christophe.dalem.fr\\\/index.php\\\/legeretes-furtives\\\/#primaryimage\"},\"image\":{\"@id\":\"https:\\\/\\\/christophe.dalem.fr\\\/index.php\\\/legeretes-furtives\\\/#primaryimage\"},\"thumbnailUrl\":\"https:\\\/\\\/christophe.dalem.fr\\\/wp-content\\\/uploads\\\/2020\\\/01\\\/LegeretesFurtives-11.jpg\",\"datePublished\":\"2020-01-14T09:58:29+00:00\",\"dateModified\":\"2021-11-13T16:39:59+00:00\",\"breadcrumb\":{\"@id\":\"https:\\\/\\\/christophe.dalem.fr\\\/index.php\\\/legeretes-furtives\\\/#breadcrumb\"},\"inLanguage\":\"fr-FR\",\"potentialAction\":[{\"@type\":\"ReadAction\",\"target\":[\"https:\\\/\\\/christophe.dalem.fr\\\/index.php\\\/legeretes-furtives\\\/\"]}]},{\"@type\":\"ImageObject\",\"inLanguage\":\"fr-FR\",\"@id\":\"https:\\\/\\\/christophe.dalem.fr\\\/index.php\\\/legeretes-furtives\\\/#primaryimage\",\"url\":\"https:\\\/\\\/christophe.dalem.fr\\\/wp-content\\\/uploads\\\/2020\\\/01\\\/LegeretesFurtives-11.jpg\",\"contentUrl\":\"https:\\\/\\\/christophe.dalem.fr\\\/wp-content\\\/uploads\\\/2020\\\/01\\\/LegeretesFurtives-11.jpg\",\"width\":1280,\"height\":1920,\"caption\":\"Cache-cache !\"},{\"@type\":\"BreadcrumbList\",\"@id\":\"https:\\\/\\\/christophe.dalem.fr\\\/index.php\\\/legeretes-furtives\\\/#breadcrumb\",\"itemListElement\":[{\"@type\":\"ListItem\",\"position\":1,\"name\":\"Home\",\"item\":\"https:\\\/\\\/christophe.dalem.fr\\\/\"},{\"@type\":\"ListItem\",\"position\":2,\"name\":\"L\u00e9g\u00e8ret\u00e9s furtives\"}]},{\"@type\":\"WebSite\",\"@id\":\"https:\\\/\\\/christophe.dalem.fr\\\/#website\",\"url\":\"https:\\\/\\\/christophe.dalem.fr\\\/\",\"name\":\"Christophe Dalem\",\"description\":\"\",\"publisher\":{\"@id\":\"https:\\\/\\\/christophe.dalem.fr\\\/#\\\/schema\\\/person\\\/e9ad51d9bcb5d809d6680f2f9b48b170\"},\"potentialAction\":[{\"@type\":\"SearchAction\",\"target\":{\"@type\":\"EntryPoint\",\"urlTemplate\":\"https:\\\/\\\/christophe.dalem.fr\\\/?s={search_term_string}\"},\"query-input\":{\"@type\":\"PropertyValueSpecification\",\"valueRequired\":true,\"valueName\":\"search_term_string\"}}],\"inLanguage\":\"fr-FR\"},{\"@type\":[\"Person\",\"Organization\"],\"@id\":\"https:\\\/\\\/christophe.dalem.fr\\\/#\\\/schema\\\/person\\\/e9ad51d9bcb5d809d6680f2f9b48b170\",\"name\":\"Christophe Dalem\",\"image\":{\"@type\":\"ImageObject\",\"inLanguage\":\"fr-FR\",\"@id\":\"https:\\\/\\\/secure.gravatar.com\\\/avatar\\\/382c11ec53444d6920a450684b1bfcb1b0bf4b713d0e1366f2d85a1a4c8f5944?s=96&d=mm&r=g\",\"url\":\"https:\\\/\\\/secure.gravatar.com\\\/avatar\\\/382c11ec53444d6920a450684b1bfcb1b0bf4b713d0e1366f2d85a1a4c8f5944?s=96&d=mm&r=g\",\"contentUrl\":\"https:\\\/\\\/secure.gravatar.com\\\/avatar\\\/382c11ec53444d6920a450684b1bfcb1b0bf4b713d0e1366f2d85a1a4c8f5944?s=96&d=mm&r=g\",\"caption\":\"Christophe Dalem\"},\"logo\":{\"@id\":\"https:\\\/\\\/secure.gravatar.com\\\/avatar\\\/382c11ec53444d6920a450684b1bfcb1b0bf4b713d0e1366f2d85a1a4c8f5944?s=96&d=mm&r=g\"},\"sameAs\":[\"https:\\\/\\\/christophe.dalem.fr\",\"https:\\\/\\\/www.instagram.com\\\/christophe_dalem\\\/\"]}]}<\/script>\n<!-- \/ Yoast SEO plugin. -->","yoast_head_json":{"title":"L\u00e9g\u00e8ret\u00e9s furtives - Christophe Dalem","robots":{"index":"index","follow":"follow","max-snippet":"max-snippet:-1","max-image-preview":"max-image-preview:large","max-video-preview":"max-video-preview:-1"},"canonical":"https:\/\/christophe.dalem.fr\/index.php\/legeretes-furtives\/","og_locale":"fr_FR","og_type":"article","og_title":"L\u00e9g\u00e8ret\u00e9s furtives - Christophe Dalem","og_description":"Une s\u00e9rie des photos montrant de brefs moments amusants ou surprenants. Ils sont souvent aper\u00e7us dans la rue mais finalement ils se produisent partout. Mais je n&rsquo;ai pas toujours la vivacit\u00e9 pour les saisir. Ces instants, pour peu que l&rsquo;on ait un peu d&rsquo;imagination, permettent parfois d&rsquo;\u00e9gailler une journ\u00e9e.","og_url":"https:\/\/christophe.dalem.fr\/index.php\/legeretes-furtives\/","og_site_name":"Christophe Dalem","article_modified_time":"2021-11-13T16:39:59+00:00","og_image":[{"width":1280,"height":1920,"url":"https:\/\/christophe.dalem.fr\/wp-content\/uploads\/2020\/01\/LegeretesFurtives-11.jpg","type":"image\/jpeg"}],"twitter_card":"summary_large_image","twitter_misc":{"Dur\u00e9e de lecture estim\u00e9e":"2 minutes"},"schema":{"@context":"https:\/\/schema.org","@graph":[{"@type":"WebPage","@id":"https:\/\/christophe.dalem.fr\/index.php\/legeretes-furtives\/","url":"https:\/\/christophe.dalem.fr\/index.php\/legeretes-furtives\/","name":"L\u00e9g\u00e8ret\u00e9s furtives - Christophe Dalem","isPartOf":{"@id":"https:\/\/christophe.dalem.fr\/#website"},"primaryImageOfPage":{"@id":"https:\/\/christophe.dalem.fr\/index.php\/legeretes-furtives\/#primaryimage"},"image":{"@id":"https:\/\/christophe.dalem.fr\/index.php\/legeretes-furtives\/#primaryimage"},"thumbnailUrl":"https:\/\/christophe.dalem.fr\/wp-content\/uploads\/2020\/01\/LegeretesFurtives-11.jpg","datePublished":"2020-01-14T09:58:29+00:00","dateModified":"2021-11-13T16:39:59+00:00","breadcrumb":{"@id":"https:\/\/christophe.dalem.fr\/index.php\/legeretes-furtives\/#breadcrumb"},"inLanguage":"fr-FR","potentialAction":[{"@type":"ReadAction","target":["https:\/\/christophe.dalem.fr\/index.php\/legeretes-furtives\/"]}]},{"@type":"ImageObject","inLanguage":"fr-FR","@id":"https:\/\/christophe.dalem.fr\/index.php\/legeretes-furtives\/#primaryimage","url":"https:\/\/christophe.dalem.fr\/wp-content\/uploads\/2020\/01\/LegeretesFurtives-11.jpg","contentUrl":"https:\/\/christophe.dalem.fr\/wp-content\/uploads\/2020\/01\/LegeretesFurtives-11.jpg","width":1280,"height":1920,"caption":"Cache-cache !"},{"@type":"BreadcrumbList","@id":"https:\/\/christophe.dalem.fr\/index.php\/legeretes-furtives\/#breadcrumb","itemListElement":[{"@type":"ListItem","position":1,"name":"Home","item":"https:\/\/christophe.dalem.fr\/"},{"@type":"ListItem","position":2,"name":"L\u00e9g\u00e8ret\u00e9s furtives"}]},{"@type":"WebSite","@id":"https:\/\/christophe.dalem.fr\/#website","url":"https:\/\/christophe.dalem.fr\/","name":"Christophe Dalem","description":"","publisher":{"@id":"https:\/\/christophe.dalem.fr\/#\/schema\/person\/e9ad51d9bcb5d809d6680f2f9b48b170"},"potentialAction":[{"@type":"SearchAction","target":{"@type":"EntryPoint","urlTemplate":"https:\/\/christophe.dalem.fr\/?s={search_term_string}"},"query-input":{"@type":"PropertyValueSpecification","valueRequired":true,"valueName":"search_term_string"}}],"inLanguage":"fr-FR"},{"@type":["Person","Organization"],"@id":"https:\/\/christophe.dalem.fr\/#\/schema\/person\/e9ad51d9bcb5d809d6680f2f9b48b170","name":"Christophe Dalem","image":{"@type":"ImageObject","inLanguage":"fr-FR","@id":"https:\/\/secure.gravatar.com\/avatar\/382c11ec53444d6920a450684b1bfcb1b0bf4b713d0e1366f2d85a1a4c8f5944?s=96&d=mm&r=g","url":"https:\/\/secure.gravatar.com\/avatar\/382c11ec53444d6920a450684b1bfcb1b0bf4b713d0e1366f2d85a1a4c8f5944?s=96&d=mm&r=g","contentUrl":"https:\/\/secure.gravatar.com\/avatar\/382c11ec53444d6920a450684b1bfcb1b0bf4b713d0e1366f2d85a1a4c8f5944?s=96&d=mm&r=g","caption":"Christophe Dalem"},"logo":{"@id":"https:\/\/secure.gravatar.com\/avatar\/382c11ec53444d6920a450684b1bfcb1b0bf4b713d0e1366f2d85a1a4c8f5944?s=96&d=mm&r=g"},"sameAs":["https:\/\/christophe.dalem.fr","https:\/\/www.instagram.com\/christophe_dalem\/"]}]}},"_links":{"self":[{"href":"https:\/\/christophe.dalem.fr\/index.php\/wp-json\/wp\/v2\/pages\/343","targetHints":{"allow":["GET"]}}],"collection":[{"href":"https:\/\/christophe.dalem.fr\/index.php\/wp-json\/wp\/v2\/pages"}],"about":[{"href":"https:\/\/christophe.dalem.fr\/index.php\/wp-json\/wp\/v2\/types\/page"}],"author":[{"embeddable":true,"href":"https:\/\/christophe.dalem.fr\/index.php\/wp-json\/wp\/v2\/users\/1"}],"replies":[{"embeddable":true,"href":"https:\/\/christophe.dalem.fr\/index.php\/wp-json\/wp\/v2\/comments?post=343"}],"version-history":[{"count":21,"href":"https:\/\/christophe.dalem.fr\/index.php\/wp-json\/wp\/v2\/pages\/343\/revisions"}],"predecessor-version":[{"id":449,"href":"https:\/\/christophe.dalem.fr\/index.php\/wp-json\/wp\/v2\/pages\/343\/revisions\/449"}],"wp:featuredmedia":[{"embeddable":true,"href":"https:\/\/christophe.dalem.fr\/index.php\/wp-json\/wp\/v2\/media\/339"}],"wp:attachment":[{"href":"https:\/\/christophe.dalem.fr\/index.php\/wp-json\/wp\/v2\/media?parent=343"}],"curies":[{"name":"wp","href":"https:\/\/api.w.org\/{rel}","templated":true}]}}