{"id":40,"date":"2019-09-07T19:28:45","date_gmt":"2019-09-07T19:28:45","guid":{"rendered":"https:\/\/christophe.dalem.fr\/?page_id=40"},"modified":"2022-02-17T16:29:19","modified_gmt":"2022-02-17T14:29:19","slug":"promenons-nous-sur-les-toits","status":"publish","type":"page","link":"https:\/\/christophe.dalem.fr\/index.php\/promenons-nous-sur-les-toits\/","title":{"rendered":"Promenons-nous sur les toits"},"content":{"rendered":"\n<p class=\"has-text-align-center\">Photographie de rue a\u00e9rienne<\/p>\n\n\n\n<p>Il existe une vie sur les toits parisiens. De nombreuses personnes s&rsquo;y d\u00e9placent parfois presque comme dans la rue cr\u00e9ant un d\u00e9calage avec le lieu o\u00f9 ils se trouvent.<\/p>\n\n\n\n<figure class=\"wp-block-gallery has-nested-images columns-1 is-cropped wp-block-gallery-1 is-layout-flex wp-block-gallery-is-layout-flex\">\n<figure class=\"wp-block-image size-medium\"><a href=\"https:\/\/christophe.dalem.fr\/wp-content\/uploads\/2019\/09\/Promenons-nous-toits-HD-1.jpg\"><img loading=\"lazy\" decoding=\"async\" width=\"300\" height=\"200\" data-id=\"135\" src=\"https:\/\/christophe.dalem.fr\/wp-content\/uploads\/2019\/09\/Promenons-nous-toits-HD-1-300x200.jpg\" alt=\"Seul\" class=\"wp-image-135\" srcset=\"https:\/\/christophe.dalem.fr\/wp-content\/uploads\/2019\/09\/Promenons-nous-toits-HD-1-300x200.jpg 300w, https:\/\/christophe.dalem.fr\/wp-content\/uploads\/2019\/09\/Promenons-nous-toits-HD-1-150x100.jpg 150w, https:\/\/christophe.dalem.fr\/wp-content\/uploads\/2019\/09\/Promenons-nous-toits-HD-1-768x512.jpg 768w, https:\/\/christophe.dalem.fr\/wp-content\/uploads\/2019\/09\/Promenons-nous-toits-HD-1-1024x683.jpg 1024w, https:\/\/christophe.dalem.fr\/wp-content\/uploads\/2019\/09\/Promenons-nous-toits-HD-1.jpg 1920w\" sizes=\"auto, (max-width: 300px) 100vw, 300px\" \/><\/a><\/figure>\n\n\n\n<figure class=\"wp-block-image size-medium\"><a href=\"https:\/\/christophe.dalem.fr\/wp-content\/uploads\/2019\/09\/Promenons-nous-toits-HD-2.jpg\"><img loading=\"lazy\" decoding=\"async\" width=\"300\" height=\"200\" data-id=\"136\" src=\"https:\/\/christophe.dalem.fr\/wp-content\/uploads\/2019\/09\/Promenons-nous-toits-HD-2-300x200.jpg\" alt=\"En duo\" class=\"wp-image-136\" srcset=\"https:\/\/christophe.dalem.fr\/wp-content\/uploads\/2019\/09\/Promenons-nous-toits-HD-2-300x200.jpg 300w, https:\/\/christophe.dalem.fr\/wp-content\/uploads\/2019\/09\/Promenons-nous-toits-HD-2-150x100.jpg 150w, https:\/\/christophe.dalem.fr\/wp-content\/uploads\/2019\/09\/Promenons-nous-toits-HD-2-768x512.jpg 768w, https:\/\/christophe.dalem.fr\/wp-content\/uploads\/2019\/09\/Promenons-nous-toits-HD-2-1024x683.jpg 1024w, https:\/\/christophe.dalem.fr\/wp-content\/uploads\/2019\/09\/Promenons-nous-toits-HD-2.jpg 1920w\" sizes=\"auto, (max-width: 300px) 100vw, 300px\" \/><\/a><\/figure>\n\n\n\n<figure class=\"wp-block-image size-medium\"><a href=\"https:\/\/christophe.dalem.fr\/wp-content\/uploads\/2019\/09\/Promenons-nous-toits-HD-3.jpg\"><img loading=\"lazy\" decoding=\"async\" width=\"300\" height=\"200\" data-id=\"137\" src=\"https:\/\/christophe.dalem.fr\/wp-content\/uploads\/2019\/09\/Promenons-nous-toits-HD-3-300x200.jpg\" alt=\"En cherchant bien...\" class=\"wp-image-137\" srcset=\"https:\/\/christophe.dalem.fr\/wp-content\/uploads\/2019\/09\/Promenons-nous-toits-HD-3-300x200.jpg 300w, https:\/\/christophe.dalem.fr\/wp-content\/uploads\/2019\/09\/Promenons-nous-toits-HD-3-150x100.jpg 150w, https:\/\/christophe.dalem.fr\/wp-content\/uploads\/2019\/09\/Promenons-nous-toits-HD-3-768x512.jpg 768w, https:\/\/christophe.dalem.fr\/wp-content\/uploads\/2019\/09\/Promenons-nous-toits-HD-3-1024x683.jpg 1024w, https:\/\/christophe.dalem.fr\/wp-content\/uploads\/2019\/09\/Promenons-nous-toits-HD-3.jpg 1920w\" sizes=\"auto, (max-width: 300px) 100vw, 300px\" \/><\/a><figcaption>En cherchant bien&#8230;<\/figcaption><\/figure>\n\n\n\n<figure class=\"wp-block-image size-medium\"><a href=\"https:\/\/christophe.dalem.fr\/wp-content\/uploads\/2019\/09\/Promenons-nous-toits-HD-4.jpg\"><img loading=\"lazy\" decoding=\"async\" width=\"199\" height=\"300\" data-id=\"138\" src=\"https:\/\/christophe.dalem.fr\/wp-content\/uploads\/2019\/09\/Promenons-nous-toits-HD-4-199x300.jpg\" alt=\"Sc\u00e8ne champ\u00eatre parisienne\" class=\"wp-image-138\" srcset=\"https:\/\/christophe.dalem.fr\/wp-content\/uploads\/2019\/09\/Promenons-nous-toits-HD-4-199x300.jpg 199w, https:\/\/christophe.dalem.fr\/wp-content\/uploads\/2019\/09\/Promenons-nous-toits-HD-4-99x150.jpg 99w, https:\/\/christophe.dalem.fr\/wp-content\/uploads\/2019\/09\/Promenons-nous-toits-HD-4-768x1159.jpg 768w, https:\/\/christophe.dalem.fr\/wp-content\/uploads\/2019\/09\/Promenons-nous-toits-HD-4-678x1024.jpg 678w, https:\/\/christophe.dalem.fr\/wp-content\/uploads\/2019\/09\/Promenons-nous-toits-HD-4.jpg 1272w\" sizes=\"auto, (max-width: 199px) 100vw, 199px\" \/><\/a><\/figure>\n\n\n\n<figure class=\"wp-block-image size-medium\"><a href=\"https:\/\/christophe.dalem.fr\/wp-content\/uploads\/2019\/09\/Promenons-nous-toits-HD-5.jpg\"><img loading=\"lazy\" decoding=\"async\" width=\"200\" height=\"300\" data-id=\"139\" src=\"https:\/\/christophe.dalem.fr\/wp-content\/uploads\/2019\/09\/Promenons-nous-toits-HD-5-200x300.jpg\" alt=\"Lignes de vie ?\" class=\"wp-image-139\" srcset=\"https:\/\/christophe.dalem.fr\/wp-content\/uploads\/2019\/09\/Promenons-nous-toits-HD-5-200x300.jpg 200w, https:\/\/christophe.dalem.fr\/wp-content\/uploads\/2019\/09\/Promenons-nous-toits-HD-5-100x150.jpg 100w, https:\/\/christophe.dalem.fr\/wp-content\/uploads\/2019\/09\/Promenons-nous-toits-HD-5-768x1151.jpg 768w, https:\/\/christophe.dalem.fr\/wp-content\/uploads\/2019\/09\/Promenons-nous-toits-HD-5-683x1024.jpg 683w, https:\/\/christophe.dalem.fr\/wp-content\/uploads\/2019\/09\/Promenons-nous-toits-HD-5.jpg 1281w\" sizes=\"auto, (max-width: 200px) 100vw, 200px\" \/><\/a><\/figure>\n\n\n\n<figure class=\"wp-block-image size-medium\"><a href=\"https:\/\/christophe.dalem.fr\/wp-content\/uploads\/2019\/09\/Promenons-nous-toits-HD-6.jpg\"><img loading=\"lazy\" decoding=\"async\" width=\"200\" height=\"300\" data-id=\"140\" src=\"https:\/\/christophe.dalem.fr\/wp-content\/uploads\/2019\/09\/Promenons-nous-toits-HD-6-200x300.jpg\" alt=\"Pos\u00e9\" class=\"wp-image-140\" srcset=\"https:\/\/christophe.dalem.fr\/wp-content\/uploads\/2019\/09\/Promenons-nous-toits-HD-6-200x300.jpg 200w, https:\/\/christophe.dalem.fr\/wp-content\/uploads\/2019\/09\/Promenons-nous-toits-HD-6-100x150.jpg 100w, https:\/\/christophe.dalem.fr\/wp-content\/uploads\/2019\/09\/Promenons-nous-toits-HD-6-768x1152.jpg 768w, https:\/\/christophe.dalem.fr\/wp-content\/uploads\/2019\/09\/Promenons-nous-toits-HD-6-683x1024.jpg 683w, https:\/\/christophe.dalem.fr\/wp-content\/uploads\/2019\/09\/Promenons-nous-toits-HD-6.jpg 1280w\" sizes=\"auto, (max-width: 200px) 100vw, 200px\" \/><\/a><\/figure>\n\n\n\n<figure class=\"wp-block-image size-medium\"><a href=\"https:\/\/christophe.dalem.fr\/wp-content\/uploads\/2019\/09\/Promenons-nous-toits-HD-7.jpg\"><img loading=\"lazy\" decoding=\"async\" width=\"240\" height=\"300\" data-id=\"141\" src=\"https:\/\/christophe.dalem.fr\/wp-content\/uploads\/2019\/09\/Promenons-nous-toits-HD-7-240x300.jpg\" alt=\"H\u00e9sitation\" class=\"wp-image-141\" srcset=\"https:\/\/christophe.dalem.fr\/wp-content\/uploads\/2019\/09\/Promenons-nous-toits-HD-7-240x300.jpg 240w, https:\/\/christophe.dalem.fr\/wp-content\/uploads\/2019\/09\/Promenons-nous-toits-HD-7-120x150.jpg 120w, https:\/\/christophe.dalem.fr\/wp-content\/uploads\/2019\/09\/Promenons-nous-toits-HD-7-768x960.jpg 768w, https:\/\/christophe.dalem.fr\/wp-content\/uploads\/2019\/09\/Promenons-nous-toits-HD-7-819x1024.jpg 819w, https:\/\/christophe.dalem.fr\/wp-content\/uploads\/2019\/09\/Promenons-nous-toits-HD-7.jpg 1536w\" sizes=\"auto, (max-width: 240px) 100vw, 240px\" \/><\/a><\/figure>\n\n\n\n<figure class=\"wp-block-image size-medium\"><a href=\"https:\/\/christophe.dalem.fr\/wp-content\/uploads\/2019\/09\/Promenons-nous-toits-HD-8.jpg\"><img loading=\"lazy\" decoding=\"async\" width=\"300\" height=\"169\" data-id=\"142\" src=\"https:\/\/christophe.dalem.fr\/wp-content\/uploads\/2019\/09\/Promenons-nous-toits-HD-8-300x169.jpg\" alt=\"A l'aise en tout lieu\" class=\"wp-image-142\" srcset=\"https:\/\/christophe.dalem.fr\/wp-content\/uploads\/2019\/09\/Promenons-nous-toits-HD-8-300x169.jpg 300w, https:\/\/christophe.dalem.fr\/wp-content\/uploads\/2019\/09\/Promenons-nous-toits-HD-8-150x84.jpg 150w, https:\/\/christophe.dalem.fr\/wp-content\/uploads\/2019\/09\/Promenons-nous-toits-HD-8-768x432.jpg 768w, https:\/\/christophe.dalem.fr\/wp-content\/uploads\/2019\/09\/Promenons-nous-toits-HD-8-1024x576.jpg 1024w, https:\/\/christophe.dalem.fr\/wp-content\/uploads\/2019\/09\/Promenons-nous-toits-HD-8.jpg 1920w\" sizes=\"auto, (max-width: 300px) 100vw, 300px\" \/><\/a><\/figure>\n\n\n\n<figure class=\"wp-block-image size-medium\"><a href=\"https:\/\/christophe.dalem.fr\/wp-content\/uploads\/2019\/09\/Promenons-nous-toits-HD-9.jpg\"><img loading=\"lazy\" decoding=\"async\" width=\"200\" height=\"300\" data-id=\"143\" src=\"https:\/\/christophe.dalem.fr\/wp-content\/uploads\/2019\/09\/Promenons-nous-toits-HD-9-200x300.jpg\" alt=\"Montage en cours\" class=\"wp-image-143\" srcset=\"https:\/\/christophe.dalem.fr\/wp-content\/uploads\/2019\/09\/Promenons-nous-toits-HD-9-200x300.jpg 200w, https:\/\/christophe.dalem.fr\/wp-content\/uploads\/2019\/09\/Promenons-nous-toits-HD-9-100x150.jpg 100w, https:\/\/christophe.dalem.fr\/wp-content\/uploads\/2019\/09\/Promenons-nous-toits-HD-9-768x1151.jpg 768w, https:\/\/christophe.dalem.fr\/wp-content\/uploads\/2019\/09\/Promenons-nous-toits-HD-9-683x1024.jpg 683w, https:\/\/christophe.dalem.fr\/wp-content\/uploads\/2019\/09\/Promenons-nous-toits-HD-9.jpg 1281w\" sizes=\"auto, (max-width: 200px) 100vw, 200px\" \/><\/a><\/figure>\n\n\n\n<figure class=\"wp-block-image size-medium\"><a href=\"https:\/\/christophe.dalem.fr\/wp-content\/uploads\/2019\/09\/Promenons-nous-toits-HD-10.jpg\"><img loading=\"lazy\" decoding=\"async\" width=\"200\" height=\"300\" data-id=\"144\" src=\"https:\/\/christophe.dalem.fr\/wp-content\/uploads\/2019\/09\/Promenons-nous-toits-HD-10-200x300.jpg\" alt=\"Cabine t\u00e9l\u00e9phonique en terrasse\" class=\"wp-image-144\" srcset=\"https:\/\/christophe.dalem.fr\/wp-content\/uploads\/2019\/09\/Promenons-nous-toits-HD-10-200x300.jpg 200w, https:\/\/christophe.dalem.fr\/wp-content\/uploads\/2019\/09\/Promenons-nous-toits-HD-10-100x150.jpg 100w, https:\/\/christophe.dalem.fr\/wp-content\/uploads\/2019\/09\/Promenons-nous-toits-HD-10-768x1151.jpg 768w, https:\/\/christophe.dalem.fr\/wp-content\/uploads\/2019\/09\/Promenons-nous-toits-HD-10-683x1024.jpg 683w, https:\/\/christophe.dalem.fr\/wp-content\/uploads\/2019\/09\/Promenons-nous-toits-HD-10.jpg 1281w\" sizes=\"auto, (max-width: 200px) 100vw, 200px\" \/><\/a><\/figure>\n\n\n\n<figure class=\"wp-block-image size-medium\"><a href=\"https:\/\/christophe.dalem.fr\/wp-content\/uploads\/2019\/11\/Promenons-nous-toits-HD-11.jpg\"><img loading=\"lazy\" decoding=\"async\" width=\"200\" height=\"300\" data-id=\"284\" src=\"https:\/\/christophe.dalem.fr\/wp-content\/uploads\/2019\/11\/Promenons-nous-toits-HD-11-200x300.jpg\" alt=\"\" class=\"wp-image-284\" srcset=\"https:\/\/christophe.dalem.fr\/wp-content\/uploads\/2019\/11\/Promenons-nous-toits-HD-11-200x300.jpg 200w, https:\/\/christophe.dalem.fr\/wp-content\/uploads\/2019\/11\/Promenons-nous-toits-HD-11-100x150.jpg 100w, https:\/\/christophe.dalem.fr\/wp-content\/uploads\/2019\/11\/Promenons-nous-toits-HD-11-768x1151.jpg 768w, https:\/\/christophe.dalem.fr\/wp-content\/uploads\/2019\/11\/Promenons-nous-toits-HD-11-683x1024.jpg 683w, https:\/\/christophe.dalem.fr\/wp-content\/uploads\/2019\/11\/Promenons-nous-toits-HD-11.jpg 1281w\" sizes=\"auto, (max-width: 200px) 100vw, 200px\" \/><\/a><\/figure>\n\n\n\n<figure class=\"wp-block-image size-medium\"><a href=\"https:\/\/christophe.dalem.fr\/wp-content\/uploads\/2019\/11\/Promenons-nous-toits-HD-12.jpg\"><img loading=\"lazy\" decoding=\"async\" width=\"300\" height=\"200\" data-id=\"285\" src=\"https:\/\/christophe.dalem.fr\/wp-content\/uploads\/2019\/11\/Promenons-nous-toits-HD-12-300x200.jpg\" alt=\"Avance rapide\" class=\"wp-image-285\" srcset=\"https:\/\/christophe.dalem.fr\/wp-content\/uploads\/2019\/11\/Promenons-nous-toits-HD-12-300x200.jpg 300w, https:\/\/christophe.dalem.fr\/wp-content\/uploads\/2019\/11\/Promenons-nous-toits-HD-12-150x100.jpg 150w, https:\/\/christophe.dalem.fr\/wp-content\/uploads\/2019\/11\/Promenons-nous-toits-HD-12-768x512.jpg 768w, https:\/\/christophe.dalem.fr\/wp-content\/uploads\/2019\/11\/Promenons-nous-toits-HD-12-1024x683.jpg 1024w, https:\/\/christophe.dalem.fr\/wp-content\/uploads\/2019\/11\/Promenons-nous-toits-HD-12.jpg 1920w\" sizes=\"auto, (max-width: 300px) 100vw, 300px\" \/><\/a><\/figure>\n\n\n\n<figure class=\"wp-block-image size-medium\"><a href=\"https:\/\/christophe.dalem.fr\/wp-content\/uploads\/2019\/11\/Promenons-nous-toits-HD-13.jpg\"><img loading=\"lazy\" decoding=\"async\" width=\"300\" height=\"200\" data-id=\"286\" src=\"https:\/\/christophe.dalem.fr\/wp-content\/uploads\/2019\/11\/Promenons-nous-toits-HD-13-300x200.jpg\" alt=\"Nettoyage de gouti\u00e8re\" class=\"wp-image-286\" srcset=\"https:\/\/christophe.dalem.fr\/wp-content\/uploads\/2019\/11\/Promenons-nous-toits-HD-13-300x200.jpg 300w, https:\/\/christophe.dalem.fr\/wp-content\/uploads\/2019\/11\/Promenons-nous-toits-HD-13-150x100.jpg 150w, https:\/\/christophe.dalem.fr\/wp-content\/uploads\/2019\/11\/Promenons-nous-toits-HD-13-768x512.jpg 768w, https:\/\/christophe.dalem.fr\/wp-content\/uploads\/2019\/11\/Promenons-nous-toits-HD-13-1024x683.jpg 1024w, https:\/\/christophe.dalem.fr\/wp-content\/uploads\/2019\/11\/Promenons-nous-toits-HD-13.jpg 1920w\" sizes=\"auto, (max-width: 300px) 100vw, 300px\" \/><\/a><\/figure>\n\n\n\n<figure class=\"wp-block-image size-medium\"><a href=\"https:\/\/christophe.dalem.fr\/wp-content\/uploads\/2019\/11\/Promenons-nous-toits-HD-14.jpg\"><img loading=\"lazy\" decoding=\"async\" width=\"300\" height=\"200\" data-id=\"283\" src=\"https:\/\/christophe.dalem.fr\/wp-content\/uploads\/2019\/11\/Promenons-nous-toits-HD-14-300x200.jpg\" alt=\"Deux duos\" class=\"wp-image-283\" srcset=\"https:\/\/christophe.dalem.fr\/wp-content\/uploads\/2019\/11\/Promenons-nous-toits-HD-14-300x200.jpg 300w, https:\/\/christophe.dalem.fr\/wp-content\/uploads\/2019\/11\/Promenons-nous-toits-HD-14-150x100.jpg 150w, https:\/\/christophe.dalem.fr\/wp-content\/uploads\/2019\/11\/Promenons-nous-toits-HD-14-768x512.jpg 768w, https:\/\/christophe.dalem.fr\/wp-content\/uploads\/2019\/11\/Promenons-nous-toits-HD-14-1024x683.jpg 1024w, https:\/\/christophe.dalem.fr\/wp-content\/uploads\/2019\/11\/Promenons-nous-toits-HD-14.jpg 1920w\" sizes=\"auto, (max-width: 300px) 100vw, 300px\" \/><\/a><\/figure>\n<\/figure>\n","protected":false},"excerpt":{"rendered":"<p>Photographie de rue a\u00e9rienne Il existe une vie sur les toits parisiens. De nombreuses personnes s&rsquo;y d\u00e9placent parfois presque comme dans la rue cr\u00e9ant un d\u00e9calage avec le lieu o\u00f9 ils se trouvent.<\/p>\n","protected":false},"author":1,"featured_media":0,"parent":0,"menu_order":1,"comment_status":"open","ping_status":"closed","template":"","meta":{"footnotes":""},"class_list":["post-40","page","type-page","status-publish","hentry","entry"],"yoast_head":"<!-- This site is optimized with the Yoast SEO plugin v27.4 - https:\/\/yoast.com\/product\/yoast-seo-wordpress\/ -->\n<title>Promenons-nous sur les toits - Christophe Dalem<\/title>\n<meta name=\"description\" content=\"La vie parisienne existe sur les toits. Perspective \u00e9lev\u00e9e, inhabituelle et temporaire. La descente sera jusqu&#039;ici sans probl\u00e8me malgr\u00e9 une s\u00e9curit\u00e9 al\u00e9atoire...\" \/>\n<meta name=\"robots\" content=\"index, follow, max-snippet:-1, max-image-preview:large, max-video-preview:-1\" \/>\n<link rel=\"canonical\" href=\"https:\/\/christophe.dalem.fr\/index.php\/promenons-nous-sur-les-toits\/\" \/>\n<meta property=\"og:locale\" content=\"fr_FR\" \/>\n<meta property=\"og:type\" content=\"article\" \/>\n<meta property=\"og:title\" content=\"Promenons-nous sur les toits - Christophe Dalem\" \/>\n<meta property=\"og:description\" content=\"La vie parisienne existe sur les toits. Perspective \u00e9lev\u00e9e, inhabituelle et temporaire. La descente sera jusqu&#039;ici sans probl\u00e8me malgr\u00e9 une s\u00e9curit\u00e9 al\u00e9atoire...\" \/>\n<meta property=\"og:url\" content=\"https:\/\/christophe.dalem.fr\/index.php\/promenons-nous-sur-les-toits\/\" \/>\n<meta property=\"og:site_name\" content=\"Christophe Dalem\" \/>\n<meta property=\"article:modified_time\" content=\"2022-02-17T14:29:19+00:00\" \/>\n<meta property=\"og:image\" content=\"https:\/\/christophe.dalem.fr\/wp-content\/uploads\/2019\/09\/Promenons-nous-toits-HD-1-300x200.jpg\" \/>\n<meta name=\"twitter:card\" content=\"summary_large_image\" \/>\n<meta name=\"twitter:label1\" content=\"Dur\u00e9e de lecture estim\u00e9e\" \/>\n\t<meta name=\"twitter:data1\" content=\"3 minutes\" \/>\n<script type=\"application\/ld+json\" class=\"yoast-schema-graph\">{\"@context\":\"https:\\\/\\\/schema.org\",\"@graph\":[{\"@type\":\"WebPage\",\"@id\":\"https:\\\/\\\/christophe.dalem.fr\\\/index.php\\\/promenons-nous-sur-les-toits\\\/\",\"url\":\"https:\\\/\\\/christophe.dalem.fr\\\/index.php\\\/promenons-nous-sur-les-toits\\\/\",\"name\":\"Promenons-nous sur les toits - Christophe Dalem\",\"isPartOf\":{\"@id\":\"https:\\\/\\\/christophe.dalem.fr\\\/#website\"},\"primaryImageOfPage\":{\"@id\":\"https:\\\/\\\/christophe.dalem.fr\\\/index.php\\\/promenons-nous-sur-les-toits\\\/#primaryimage\"},\"image\":{\"@id\":\"https:\\\/\\\/christophe.dalem.fr\\\/index.php\\\/promenons-nous-sur-les-toits\\\/#primaryimage\"},\"thumbnailUrl\":\"https:\\\/\\\/christophe.dalem.fr\\\/wp-content\\\/uploads\\\/2019\\\/09\\\/Promenons-nous-toits-HD-1-300x200.jpg\",\"datePublished\":\"2019-09-07T19:28:45+00:00\",\"dateModified\":\"2022-02-17T14:29:19+00:00\",\"description\":\"La vie parisienne existe sur les toits. Perspective \u00e9lev\u00e9e, inhabituelle et temporaire. La descente sera jusqu'ici sans probl\u00e8me malgr\u00e9 une s\u00e9curit\u00e9 al\u00e9atoire...\",\"breadcrumb\":{\"@id\":\"https:\\\/\\\/christophe.dalem.fr\\\/index.php\\\/promenons-nous-sur-les-toits\\\/#breadcrumb\"},\"inLanguage\":\"fr-FR\",\"potentialAction\":[{\"@type\":\"ReadAction\",\"target\":[\"https:\\\/\\\/christophe.dalem.fr\\\/index.php\\\/promenons-nous-sur-les-toits\\\/\"]}]},{\"@type\":\"ImageObject\",\"inLanguage\":\"fr-FR\",\"@id\":\"https:\\\/\\\/christophe.dalem.fr\\\/index.php\\\/promenons-nous-sur-les-toits\\\/#primaryimage\",\"url\":\"https:\\\/\\\/christophe.dalem.fr\\\/wp-content\\\/uploads\\\/2019\\\/09\\\/Promenons-nous-toits-HD-1.jpg\",\"contentUrl\":\"https:\\\/\\\/christophe.dalem.fr\\\/wp-content\\\/uploads\\\/2019\\\/09\\\/Promenons-nous-toits-HD-1.jpg\",\"width\":1920,\"height\":1280,\"caption\":\"Seul sur les toits\"},{\"@type\":\"BreadcrumbList\",\"@id\":\"https:\\\/\\\/christophe.dalem.fr\\\/index.php\\\/promenons-nous-sur-les-toits\\\/#breadcrumb\",\"itemListElement\":[{\"@type\":\"ListItem\",\"position\":1,\"name\":\"Home\",\"item\":\"https:\\\/\\\/christophe.dalem.fr\\\/\"},{\"@type\":\"ListItem\",\"position\":2,\"name\":\"Promenons-nous sur les toits\"}]},{\"@type\":\"WebSite\",\"@id\":\"https:\\\/\\\/christophe.dalem.fr\\\/#website\",\"url\":\"https:\\\/\\\/christophe.dalem.fr\\\/\",\"name\":\"Christophe Dalem\",\"description\":\"\",\"publisher\":{\"@id\":\"https:\\\/\\\/christophe.dalem.fr\\\/#\\\/schema\\\/person\\\/e9ad51d9bcb5d809d6680f2f9b48b170\"},\"potentialAction\":[{\"@type\":\"SearchAction\",\"target\":{\"@type\":\"EntryPoint\",\"urlTemplate\":\"https:\\\/\\\/christophe.dalem.fr\\\/?s={search_term_string}\"},\"query-input\":{\"@type\":\"PropertyValueSpecification\",\"valueRequired\":true,\"valueName\":\"search_term_string\"}}],\"inLanguage\":\"fr-FR\"},{\"@type\":[\"Person\",\"Organization\"],\"@id\":\"https:\\\/\\\/christophe.dalem.fr\\\/#\\\/schema\\\/person\\\/e9ad51d9bcb5d809d6680f2f9b48b170\",\"name\":\"Christophe Dalem\",\"image\":{\"@type\":\"ImageObject\",\"inLanguage\":\"fr-FR\",\"@id\":\"https:\\\/\\\/secure.gravatar.com\\\/avatar\\\/382c11ec53444d6920a450684b1bfcb1b0bf4b713d0e1366f2d85a1a4c8f5944?s=96&d=mm&r=g\",\"url\":\"https:\\\/\\\/secure.gravatar.com\\\/avatar\\\/382c11ec53444d6920a450684b1bfcb1b0bf4b713d0e1366f2d85a1a4c8f5944?s=96&d=mm&r=g\",\"contentUrl\":\"https:\\\/\\\/secure.gravatar.com\\\/avatar\\\/382c11ec53444d6920a450684b1bfcb1b0bf4b713d0e1366f2d85a1a4c8f5944?s=96&d=mm&r=g\",\"caption\":\"Christophe Dalem\"},\"logo\":{\"@id\":\"https:\\\/\\\/secure.gravatar.com\\\/avatar\\\/382c11ec53444d6920a450684b1bfcb1b0bf4b713d0e1366f2d85a1a4c8f5944?s=96&d=mm&r=g\"},\"sameAs\":[\"https:\\\/\\\/christophe.dalem.fr\",\"https:\\\/\\\/www.instagram.com\\\/christophe_dalem\\\/\"]}]}<\/script>\n<!-- \/ Yoast SEO plugin. -->","yoast_head_json":{"title":"Promenons-nous sur les toits - Christophe Dalem","description":"La vie parisienne existe sur les toits. Perspective \u00e9lev\u00e9e, inhabituelle et temporaire. La descente sera jusqu'ici sans probl\u00e8me malgr\u00e9 une s\u00e9curit\u00e9 al\u00e9atoire...","robots":{"index":"index","follow":"follow","max-snippet":"max-snippet:-1","max-image-preview":"max-image-preview:large","max-video-preview":"max-video-preview:-1"},"canonical":"https:\/\/christophe.dalem.fr\/index.php\/promenons-nous-sur-les-toits\/","og_locale":"fr_FR","og_type":"article","og_title":"Promenons-nous sur les toits - Christophe Dalem","og_description":"La vie parisienne existe sur les toits. Perspective \u00e9lev\u00e9e, inhabituelle et temporaire. La descente sera jusqu'ici sans probl\u00e8me malgr\u00e9 une s\u00e9curit\u00e9 al\u00e9atoire...","og_url":"https:\/\/christophe.dalem.fr\/index.php\/promenons-nous-sur-les-toits\/","og_site_name":"Christophe Dalem","article_modified_time":"2022-02-17T14:29:19+00:00","og_image":[{"url":"https:\/\/christophe.dalem.fr\/wp-content\/uploads\/2019\/09\/Promenons-nous-toits-HD-1-300x200.jpg","type":"","width":"","height":""}],"twitter_card":"summary_large_image","twitter_misc":{"Dur\u00e9e de lecture estim\u00e9e":"3 minutes"},"schema":{"@context":"https:\/\/schema.org","@graph":[{"@type":"WebPage","@id":"https:\/\/christophe.dalem.fr\/index.php\/promenons-nous-sur-les-toits\/","url":"https:\/\/christophe.dalem.fr\/index.php\/promenons-nous-sur-les-toits\/","name":"Promenons-nous sur les toits - Christophe Dalem","isPartOf":{"@id":"https:\/\/christophe.dalem.fr\/#website"},"primaryImageOfPage":{"@id":"https:\/\/christophe.dalem.fr\/index.php\/promenons-nous-sur-les-toits\/#primaryimage"},"image":{"@id":"https:\/\/christophe.dalem.fr\/index.php\/promenons-nous-sur-les-toits\/#primaryimage"},"thumbnailUrl":"https:\/\/christophe.dalem.fr\/wp-content\/uploads\/2019\/09\/Promenons-nous-toits-HD-1-300x200.jpg","datePublished":"2019-09-07T19:28:45+00:00","dateModified":"2022-02-17T14:29:19+00:00","description":"La vie parisienne existe sur les toits. Perspective \u00e9lev\u00e9e, inhabituelle et temporaire. La descente sera jusqu'ici sans probl\u00e8me malgr\u00e9 une s\u00e9curit\u00e9 al\u00e9atoire...","breadcrumb":{"@id":"https:\/\/christophe.dalem.fr\/index.php\/promenons-nous-sur-les-toits\/#breadcrumb"},"inLanguage":"fr-FR","potentialAction":[{"@type":"ReadAction","target":["https:\/\/christophe.dalem.fr\/index.php\/promenons-nous-sur-les-toits\/"]}]},{"@type":"ImageObject","inLanguage":"fr-FR","@id":"https:\/\/christophe.dalem.fr\/index.php\/promenons-nous-sur-les-toits\/#primaryimage","url":"https:\/\/christophe.dalem.fr\/wp-content\/uploads\/2019\/09\/Promenons-nous-toits-HD-1.jpg","contentUrl":"https:\/\/christophe.dalem.fr\/wp-content\/uploads\/2019\/09\/Promenons-nous-toits-HD-1.jpg","width":1920,"height":1280,"caption":"Seul sur les toits"},{"@type":"BreadcrumbList","@id":"https:\/\/christophe.dalem.fr\/index.php\/promenons-nous-sur-les-toits\/#breadcrumb","itemListElement":[{"@type":"ListItem","position":1,"name":"Home","item":"https:\/\/christophe.dalem.fr\/"},{"@type":"ListItem","position":2,"name":"Promenons-nous sur les toits"}]},{"@type":"WebSite","@id":"https:\/\/christophe.dalem.fr\/#website","url":"https:\/\/christophe.dalem.fr\/","name":"Christophe Dalem","description":"","publisher":{"@id":"https:\/\/christophe.dalem.fr\/#\/schema\/person\/e9ad51d9bcb5d809d6680f2f9b48b170"},"potentialAction":[{"@type":"SearchAction","target":{"@type":"EntryPoint","urlTemplate":"https:\/\/christophe.dalem.fr\/?s={search_term_string}"},"query-input":{"@type":"PropertyValueSpecification","valueRequired":true,"valueName":"search_term_string"}}],"inLanguage":"fr-FR"},{"@type":["Person","Organization"],"@id":"https:\/\/christophe.dalem.fr\/#\/schema\/person\/e9ad51d9bcb5d809d6680f2f9b48b170","name":"Christophe Dalem","image":{"@type":"ImageObject","inLanguage":"fr-FR","@id":"https:\/\/secure.gravatar.com\/avatar\/382c11ec53444d6920a450684b1bfcb1b0bf4b713d0e1366f2d85a1a4c8f5944?s=96&d=mm&r=g","url":"https:\/\/secure.gravatar.com\/avatar\/382c11ec53444d6920a450684b1bfcb1b0bf4b713d0e1366f2d85a1a4c8f5944?s=96&d=mm&r=g","contentUrl":"https:\/\/secure.gravatar.com\/avatar\/382c11ec53444d6920a450684b1bfcb1b0bf4b713d0e1366f2d85a1a4c8f5944?s=96&d=mm&r=g","caption":"Christophe Dalem"},"logo":{"@id":"https:\/\/secure.gravatar.com\/avatar\/382c11ec53444d6920a450684b1bfcb1b0bf4b713d0e1366f2d85a1a4c8f5944?s=96&d=mm&r=g"},"sameAs":["https:\/\/christophe.dalem.fr","https:\/\/www.instagram.com\/christophe_dalem\/"]}]}},"_links":{"self":[{"href":"https:\/\/christophe.dalem.fr\/index.php\/wp-json\/wp\/v2\/pages\/40","targetHints":{"allow":["GET"]}}],"collection":[{"href":"https:\/\/christophe.dalem.fr\/index.php\/wp-json\/wp\/v2\/pages"}],"about":[{"href":"https:\/\/christophe.dalem.fr\/index.php\/wp-json\/wp\/v2\/types\/page"}],"author":[{"embeddable":true,"href":"https:\/\/christophe.dalem.fr\/index.php\/wp-json\/wp\/v2\/users\/1"}],"replies":[{"embeddable":true,"href":"https:\/\/christophe.dalem.fr\/index.php\/wp-json\/wp\/v2\/comments?post=40"}],"version-history":[{"count":11,"href":"https:\/\/christophe.dalem.fr\/index.php\/wp-json\/wp\/v2\/pages\/40\/revisions"}],"predecessor-version":[{"id":495,"href":"https:\/\/christophe.dalem.fr\/index.php\/wp-json\/wp\/v2\/pages\/40\/revisions\/495"}],"wp:attachment":[{"href":"https:\/\/christophe.dalem.fr\/index.php\/wp-json\/wp\/v2\/media?parent=40"}],"curies":[{"name":"wp","href":"https:\/\/api.w.org\/{rel}","templated":true}]}}