{"id":52,"date":"2019-09-07T20:04:58","date_gmt":"2019-09-07T20:04:58","guid":{"rendered":"https:\/\/christophe.dalem.fr\/?page_id=52"},"modified":"2020-07-21T13:02:25","modified_gmt":"2020-07-21T11:02:25","slug":"chateau-nestor-pirotte","status":"publish","type":"page","link":"https:\/\/christophe.dalem.fr\/index.php\/chateau-nestor-pirotte\/","title":{"rendered":"Ch\u00e2teau Nestor Pirotte"},"content":{"rendered":"\n<p class=\"has-text-align-center\">Lumi\u00e8re changeante<\/p>\n\n\n\n<p> Un sanatorium dont le nom dans le milieu urbex est plut\u00f4t curieux.  Pourquoi faire r\u00e9f\u00e9rence \u00e0 un tueur belge ? Beaucoup de b\u00e2timents dans  un mauvais \u00e9tat \u00e0 cause des d\u00e9gradations et tentatives d&rsquo;incendie.  Cet endroit garde malgr\u00e9 tout une atmosph\u00e8re particuli\u00e8re. <\/p>\n\n\n\n<figure class=\"wp-block-gallery columns-1 is-cropped wp-block-gallery-1 is-layout-flex wp-block-gallery-is-layout-flex\"><ul class=\"blocks-gallery-grid\"><li class=\"blocks-gallery-item\"><figure><a href=\"https:\/\/christophe.dalem.fr\/wp-content\/uploads\/2019\/09\/Ch\u00e2teau-Nestor-Pirotte-01-HD.jpg\"><img loading=\"lazy\" decoding=\"async\" width=\"200\" height=\"300\" src=\"https:\/\/christophe.dalem.fr\/wp-content\/uploads\/2019\/09\/Ch\u00e2teau-Nestor-Pirotte-01-HD-200x300.jpg\" alt=\"\" data-id=\"148\" data-full-url=\"https:\/\/christophe.dalem.fr\/wp-content\/uploads\/2019\/09\/Ch\u00e2teau-Nestor-Pirotte-01-HD.jpg\" data-link=\"https:\/\/christophe.dalem.fr\/chateau-nestor-pirotte-01-hd\/\" class=\"wp-image-148\" srcset=\"https:\/\/christophe.dalem.fr\/wp-content\/uploads\/2019\/09\/Ch\u00e2teau-Nestor-Pirotte-01-HD-200x300.jpg 200w, https:\/\/christophe.dalem.fr\/wp-content\/uploads\/2019\/09\/Ch\u00e2teau-Nestor-Pirotte-01-HD-100x150.jpg 100w, https:\/\/christophe.dalem.fr\/wp-content\/uploads\/2019\/09\/Ch\u00e2teau-Nestor-Pirotte-01-HD-768x1151.jpg 768w, https:\/\/christophe.dalem.fr\/wp-content\/uploads\/2019\/09\/Ch\u00e2teau-Nestor-Pirotte-01-HD-683x1024.jpg 683w, https:\/\/christophe.dalem.fr\/wp-content\/uploads\/2019\/09\/Ch\u00e2teau-Nestor-Pirotte-01-HD.jpg 1281w\" sizes=\"auto, (max-width: 200px) 100vw, 200px\" \/><\/a><\/figure><\/li><li class=\"blocks-gallery-item\"><figure><a href=\"https:\/\/christophe.dalem.fr\/wp-content\/uploads\/2019\/09\/Ch\u00e2teau-Nestor-Pirotte-02-HD.jpg\"><img loading=\"lazy\" decoding=\"async\" width=\"300\" height=\"200\" src=\"https:\/\/christophe.dalem.fr\/wp-content\/uploads\/2019\/09\/Ch\u00e2teau-Nestor-Pirotte-02-HD-300x200.jpg\" alt=\"Ch\u00e2teau Nestor Pirotte-02-HD\" data-id=\"149\" data-full-url=\"https:\/\/christophe.dalem.fr\/wp-content\/uploads\/2019\/09\/Ch\u00e2teau-Nestor-Pirotte-02-HD.jpg\" data-link=\"https:\/\/christophe.dalem.fr\/chateau-nestor-pirotte-02-hd\/\" class=\"wp-image-149\" srcset=\"https:\/\/christophe.dalem.fr\/wp-content\/uploads\/2019\/09\/Ch\u00e2teau-Nestor-Pirotte-02-HD-300x200.jpg 300w, https:\/\/christophe.dalem.fr\/wp-content\/uploads\/2019\/09\/Ch\u00e2teau-Nestor-Pirotte-02-HD-150x100.jpg 150w, https:\/\/christophe.dalem.fr\/wp-content\/uploads\/2019\/09\/Ch\u00e2teau-Nestor-Pirotte-02-HD-768x512.jpg 768w, https:\/\/christophe.dalem.fr\/wp-content\/uploads\/2019\/09\/Ch\u00e2teau-Nestor-Pirotte-02-HD-1024x683.jpg 1024w, https:\/\/christophe.dalem.fr\/wp-content\/uploads\/2019\/09\/Ch\u00e2teau-Nestor-Pirotte-02-HD.jpg 1920w\" sizes=\"auto, (max-width: 300px) 100vw, 300px\" \/><\/a><\/figure><\/li><li class=\"blocks-gallery-item\"><figure><a href=\"https:\/\/christophe.dalem.fr\/wp-content\/uploads\/2019\/09\/Ch\u00e2teau-Nestor-Pirotte-03-HD.jpg\"><img loading=\"lazy\" decoding=\"async\" width=\"300\" height=\"200\" src=\"https:\/\/christophe.dalem.fr\/wp-content\/uploads\/2019\/09\/Ch\u00e2teau-Nestor-Pirotte-03-HD-300x200.jpg\" alt=\"\" data-id=\"150\" data-full-url=\"https:\/\/christophe.dalem.fr\/wp-content\/uploads\/2019\/09\/Ch\u00e2teau-Nestor-Pirotte-03-HD.jpg\" data-link=\"https:\/\/christophe.dalem.fr\/chateau-nestor-pirotte-03-hd\/\" class=\"wp-image-150\" srcset=\"https:\/\/christophe.dalem.fr\/wp-content\/uploads\/2019\/09\/Ch\u00e2teau-Nestor-Pirotte-03-HD-300x200.jpg 300w, https:\/\/christophe.dalem.fr\/wp-content\/uploads\/2019\/09\/Ch\u00e2teau-Nestor-Pirotte-03-HD-150x100.jpg 150w, https:\/\/christophe.dalem.fr\/wp-content\/uploads\/2019\/09\/Ch\u00e2teau-Nestor-Pirotte-03-HD-768x512.jpg 768w, https:\/\/christophe.dalem.fr\/wp-content\/uploads\/2019\/09\/Ch\u00e2teau-Nestor-Pirotte-03-HD-1024x683.jpg 1024w, https:\/\/christophe.dalem.fr\/wp-content\/uploads\/2019\/09\/Ch\u00e2teau-Nestor-Pirotte-03-HD.jpg 1920w\" sizes=\"auto, (max-width: 300px) 100vw, 300px\" \/><\/a><\/figure><\/li><li class=\"blocks-gallery-item\"><figure><a href=\"https:\/\/christophe.dalem.fr\/wp-content\/uploads\/2019\/09\/Ch\u00e2teau-Nestor-Pirotte-04-HD.jpg\"><img loading=\"lazy\" decoding=\"async\" width=\"300\" height=\"200\" src=\"https:\/\/christophe.dalem.fr\/wp-content\/uploads\/2019\/09\/Ch\u00e2teau-Nestor-Pirotte-04-HD-300x200.jpg\" alt=\"\" data-id=\"151\" data-full-url=\"https:\/\/christophe.dalem.fr\/wp-content\/uploads\/2019\/09\/Ch\u00e2teau-Nestor-Pirotte-04-HD.jpg\" data-link=\"https:\/\/christophe.dalem.fr\/chateau-nestor-pirotte-04-hd\/\" class=\"wp-image-151\" srcset=\"https:\/\/christophe.dalem.fr\/wp-content\/uploads\/2019\/09\/Ch\u00e2teau-Nestor-Pirotte-04-HD-300x200.jpg 300w, https:\/\/christophe.dalem.fr\/wp-content\/uploads\/2019\/09\/Ch\u00e2teau-Nestor-Pirotte-04-HD-150x100.jpg 150w, https:\/\/christophe.dalem.fr\/wp-content\/uploads\/2019\/09\/Ch\u00e2teau-Nestor-Pirotte-04-HD-768x512.jpg 768w, https:\/\/christophe.dalem.fr\/wp-content\/uploads\/2019\/09\/Ch\u00e2teau-Nestor-Pirotte-04-HD-1024x683.jpg 1024w, https:\/\/christophe.dalem.fr\/wp-content\/uploads\/2019\/09\/Ch\u00e2teau-Nestor-Pirotte-04-HD.jpg 1920w\" sizes=\"auto, (max-width: 300px) 100vw, 300px\" \/><\/a><\/figure><\/li><li class=\"blocks-gallery-item\"><figure><a href=\"https:\/\/christophe.dalem.fr\/wp-content\/uploads\/2019\/09\/Ch\u00e2teau-Nestor-Pirotte-05-HD.jpg\"><img loading=\"lazy\" decoding=\"async\" width=\"200\" height=\"300\" src=\"https:\/\/christophe.dalem.fr\/wp-content\/uploads\/2019\/09\/Ch\u00e2teau-Nestor-Pirotte-05-HD-200x300.jpg\" alt=\"\" data-id=\"152\" data-full-url=\"https:\/\/christophe.dalem.fr\/wp-content\/uploads\/2019\/09\/Ch\u00e2teau-Nestor-Pirotte-05-HD.jpg\" data-link=\"https:\/\/christophe.dalem.fr\/chateau-nestor-pirotte-05-hd\/\" class=\"wp-image-152\" srcset=\"https:\/\/christophe.dalem.fr\/wp-content\/uploads\/2019\/09\/Ch\u00e2teau-Nestor-Pirotte-05-HD-200x300.jpg 200w, https:\/\/christophe.dalem.fr\/wp-content\/uploads\/2019\/09\/Ch\u00e2teau-Nestor-Pirotte-05-HD-100x150.jpg 100w, https:\/\/christophe.dalem.fr\/wp-content\/uploads\/2019\/09\/Ch\u00e2teau-Nestor-Pirotte-05-HD-768x1151.jpg 768w, https:\/\/christophe.dalem.fr\/wp-content\/uploads\/2019\/09\/Ch\u00e2teau-Nestor-Pirotte-05-HD-683x1024.jpg 683w, https:\/\/christophe.dalem.fr\/wp-content\/uploads\/2019\/09\/Ch\u00e2teau-Nestor-Pirotte-05-HD.jpg 1281w\" sizes=\"auto, (max-width: 200px) 100vw, 200px\" \/><\/a><\/figure><\/li><li class=\"blocks-gallery-item\"><figure><a href=\"https:\/\/christophe.dalem.fr\/wp-content\/uploads\/2019\/09\/Ch\u00e2teau-Nestor-Pirotte-06-HD.jpg\"><img loading=\"lazy\" decoding=\"async\" width=\"200\" height=\"300\" src=\"https:\/\/christophe.dalem.fr\/wp-content\/uploads\/2019\/09\/Ch\u00e2teau-Nestor-Pirotte-06-HD-200x300.jpg\" alt=\"\" data-id=\"153\" data-full-url=\"https:\/\/christophe.dalem.fr\/wp-content\/uploads\/2019\/09\/Ch\u00e2teau-Nestor-Pirotte-06-HD.jpg\" data-link=\"https:\/\/christophe.dalem.fr\/chateau-nestor-pirotte-06-hd\/\" class=\"wp-image-153\" srcset=\"https:\/\/christophe.dalem.fr\/wp-content\/uploads\/2019\/09\/Ch\u00e2teau-Nestor-Pirotte-06-HD-200x300.jpg 200w, https:\/\/christophe.dalem.fr\/wp-content\/uploads\/2019\/09\/Ch\u00e2teau-Nestor-Pirotte-06-HD-100x150.jpg 100w, https:\/\/christophe.dalem.fr\/wp-content\/uploads\/2019\/09\/Ch\u00e2teau-Nestor-Pirotte-06-HD-768x1151.jpg 768w, https:\/\/christophe.dalem.fr\/wp-content\/uploads\/2019\/09\/Ch\u00e2teau-Nestor-Pirotte-06-HD-683x1024.jpg 683w, https:\/\/christophe.dalem.fr\/wp-content\/uploads\/2019\/09\/Ch\u00e2teau-Nestor-Pirotte-06-HD.jpg 1281w\" sizes=\"auto, (max-width: 200px) 100vw, 200px\" \/><\/a><\/figure><\/li><li class=\"blocks-gallery-item\"><figure><a href=\"https:\/\/christophe.dalem.fr\/wp-content\/uploads\/2019\/09\/Ch\u00e2teau-Nestor-Pirotte-07-HD.jpg\"><img loading=\"lazy\" decoding=\"async\" width=\"300\" height=\"300\" src=\"https:\/\/christophe.dalem.fr\/wp-content\/uploads\/2019\/09\/Ch\u00e2teau-Nestor-Pirotte-07-HD-300x300.jpg\" alt=\"\" data-id=\"154\" data-full-url=\"https:\/\/christophe.dalem.fr\/wp-content\/uploads\/2019\/09\/Ch\u00e2teau-Nestor-Pirotte-07-HD.jpg\" data-link=\"https:\/\/christophe.dalem.fr\/chateau-nestor-pirotte-07-hd\/\" class=\"wp-image-154\" srcset=\"https:\/\/christophe.dalem.fr\/wp-content\/uploads\/2019\/09\/Ch\u00e2teau-Nestor-Pirotte-07-HD-300x300.jpg 300w, https:\/\/christophe.dalem.fr\/wp-content\/uploads\/2019\/09\/Ch\u00e2teau-Nestor-Pirotte-07-HD-150x150.jpg 150w, https:\/\/christophe.dalem.fr\/wp-content\/uploads\/2019\/09\/Ch\u00e2teau-Nestor-Pirotte-07-HD-768x768.jpg 768w, https:\/\/christophe.dalem.fr\/wp-content\/uploads\/2019\/09\/Ch\u00e2teau-Nestor-Pirotte-07-HD-1024x1024.jpg 1024w, https:\/\/christophe.dalem.fr\/wp-content\/uploads\/2019\/09\/Ch\u00e2teau-Nestor-Pirotte-07-HD-640x640.jpg 640w, https:\/\/christophe.dalem.fr\/wp-content\/uploads\/2019\/09\/Ch\u00e2teau-Nestor-Pirotte-07-HD-50x50.jpg 50w, https:\/\/christophe.dalem.fr\/wp-content\/uploads\/2019\/09\/Ch\u00e2teau-Nestor-Pirotte-07-HD.jpg 1920w\" sizes=\"auto, (max-width: 300px) 100vw, 300px\" \/><\/a><\/figure><\/li><li class=\"blocks-gallery-item\"><figure><a href=\"https:\/\/christophe.dalem.fr\/wp-content\/uploads\/2019\/09\/Ch\u00e2teau-Nestor-Pirotte-08-HD.jpg\"><img loading=\"lazy\" decoding=\"async\" width=\"300\" height=\"200\" src=\"https:\/\/christophe.dalem.fr\/wp-content\/uploads\/2019\/09\/Ch\u00e2teau-Nestor-Pirotte-08-HD-300x200.jpg\" alt=\"\" data-id=\"155\" data-full-url=\"https:\/\/christophe.dalem.fr\/wp-content\/uploads\/2019\/09\/Ch\u00e2teau-Nestor-Pirotte-08-HD.jpg\" data-link=\"https:\/\/christophe.dalem.fr\/chateau-nestor-pirotte-08-hd\/\" class=\"wp-image-155\" srcset=\"https:\/\/christophe.dalem.fr\/wp-content\/uploads\/2019\/09\/Ch\u00e2teau-Nestor-Pirotte-08-HD-300x200.jpg 300w, https:\/\/christophe.dalem.fr\/wp-content\/uploads\/2019\/09\/Ch\u00e2teau-Nestor-Pirotte-08-HD-150x100.jpg 150w, https:\/\/christophe.dalem.fr\/wp-content\/uploads\/2019\/09\/Ch\u00e2teau-Nestor-Pirotte-08-HD-768x512.jpg 768w, https:\/\/christophe.dalem.fr\/wp-content\/uploads\/2019\/09\/Ch\u00e2teau-Nestor-Pirotte-08-HD-1024x683.jpg 1024w, https:\/\/christophe.dalem.fr\/wp-content\/uploads\/2019\/09\/Ch\u00e2teau-Nestor-Pirotte-08-HD.jpg 1920w\" sizes=\"auto, (max-width: 300px) 100vw, 300px\" \/><\/a><\/figure><\/li><li class=\"blocks-gallery-item\"><figure><a href=\"https:\/\/christophe.dalem.fr\/wp-content\/uploads\/2019\/09\/Ch\u00e2teau-Nestor-Pirotte-09-HD.jpg\"><img loading=\"lazy\" decoding=\"async\" width=\"300\" height=\"200\" src=\"https:\/\/christophe.dalem.fr\/wp-content\/uploads\/2019\/09\/Ch\u00e2teau-Nestor-Pirotte-09-HD-300x200.jpg\" alt=\"\" data-id=\"156\" data-full-url=\"https:\/\/christophe.dalem.fr\/wp-content\/uploads\/2019\/09\/Ch\u00e2teau-Nestor-Pirotte-09-HD.jpg\" data-link=\"https:\/\/christophe.dalem.fr\/chateau-nestor-pirotte-09-hd\/\" class=\"wp-image-156\" srcset=\"https:\/\/christophe.dalem.fr\/wp-content\/uploads\/2019\/09\/Ch\u00e2teau-Nestor-Pirotte-09-HD-300x200.jpg 300w, https:\/\/christophe.dalem.fr\/wp-content\/uploads\/2019\/09\/Ch\u00e2teau-Nestor-Pirotte-09-HD-150x100.jpg 150w, https:\/\/christophe.dalem.fr\/wp-content\/uploads\/2019\/09\/Ch\u00e2teau-Nestor-Pirotte-09-HD-768x512.jpg 768w, https:\/\/christophe.dalem.fr\/wp-content\/uploads\/2019\/09\/Ch\u00e2teau-Nestor-Pirotte-09-HD-1024x683.jpg 1024w, https:\/\/christophe.dalem.fr\/wp-content\/uploads\/2019\/09\/Ch\u00e2teau-Nestor-Pirotte-09-HD.jpg 1920w\" sizes=\"auto, (max-width: 300px) 100vw, 300px\" \/><\/a><\/figure><\/li><li class=\"blocks-gallery-item\"><figure><a href=\"https:\/\/christophe.dalem.fr\/wp-content\/uploads\/2019\/09\/Ch\u00e2teau-Nestor-Pirotte-10-HD.jpg\"><img loading=\"lazy\" decoding=\"async\" width=\"300\" height=\"200\" src=\"https:\/\/christophe.dalem.fr\/wp-content\/uploads\/2019\/09\/Ch\u00e2teau-Nestor-Pirotte-10-HD-300x200.jpg\" alt=\"\" data-id=\"157\" data-full-url=\"https:\/\/christophe.dalem.fr\/wp-content\/uploads\/2019\/09\/Ch\u00e2teau-Nestor-Pirotte-10-HD.jpg\" data-link=\"https:\/\/christophe.dalem.fr\/chateau-nestor-pirotte-10-hd\/\" class=\"wp-image-157\" srcset=\"https:\/\/christophe.dalem.fr\/wp-content\/uploads\/2019\/09\/Ch\u00e2teau-Nestor-Pirotte-10-HD-300x200.jpg 300w, https:\/\/christophe.dalem.fr\/wp-content\/uploads\/2019\/09\/Ch\u00e2teau-Nestor-Pirotte-10-HD-150x100.jpg 150w, https:\/\/christophe.dalem.fr\/wp-content\/uploads\/2019\/09\/Ch\u00e2teau-Nestor-Pirotte-10-HD-768x512.jpg 768w, https:\/\/christophe.dalem.fr\/wp-content\/uploads\/2019\/09\/Ch\u00e2teau-Nestor-Pirotte-10-HD-1024x683.jpg 1024w, https:\/\/christophe.dalem.fr\/wp-content\/uploads\/2019\/09\/Ch\u00e2teau-Nestor-Pirotte-10-HD.jpg 1920w\" sizes=\"auto, (max-width: 300px) 100vw, 300px\" \/><\/a><\/figure><\/li><li class=\"blocks-gallery-item\"><figure><a href=\"https:\/\/christophe.dalem.fr\/wp-content\/uploads\/2019\/09\/Ch\u00e2teau-Nestor-Pirotte-11-HD.jpg\"><img loading=\"lazy\" decoding=\"async\" width=\"300\" height=\"200\" src=\"https:\/\/christophe.dalem.fr\/wp-content\/uploads\/2019\/09\/Ch\u00e2teau-Nestor-Pirotte-11-HD-300x200.jpg\" alt=\"\" data-id=\"158\" data-full-url=\"https:\/\/christophe.dalem.fr\/wp-content\/uploads\/2019\/09\/Ch\u00e2teau-Nestor-Pirotte-11-HD.jpg\" data-link=\"https:\/\/christophe.dalem.fr\/chateau-nestor-pirotte-11-hd\/\" class=\"wp-image-158\" srcset=\"https:\/\/christophe.dalem.fr\/wp-content\/uploads\/2019\/09\/Ch\u00e2teau-Nestor-Pirotte-11-HD-300x200.jpg 300w, https:\/\/christophe.dalem.fr\/wp-content\/uploads\/2019\/09\/Ch\u00e2teau-Nestor-Pirotte-11-HD-150x100.jpg 150w, https:\/\/christophe.dalem.fr\/wp-content\/uploads\/2019\/09\/Ch\u00e2teau-Nestor-Pirotte-11-HD-768x512.jpg 768w, https:\/\/christophe.dalem.fr\/wp-content\/uploads\/2019\/09\/Ch\u00e2teau-Nestor-Pirotte-11-HD-1024x683.jpg 1024w, https:\/\/christophe.dalem.fr\/wp-content\/uploads\/2019\/09\/Ch\u00e2teau-Nestor-Pirotte-11-HD.jpg 1920w\" sizes=\"auto, (max-width: 300px) 100vw, 300px\" \/><\/a><\/figure><\/li><\/ul><\/figure>\n","protected":false},"excerpt":{"rendered":"<p>Lumi\u00e8re changeante Un sanatorium dont le nom dans le milieu urbex est plut\u00f4t curieux. Pourquoi faire r\u00e9f\u00e9rence \u00e0 un tueur belge ? Beaucoup de b\u00e2timents dans un mauvais \u00e9tat \u00e0 cause des d\u00e9gradations et tentatives d&rsquo;incendie. Cet endroit garde malgr\u00e9 tout une atmosph\u00e8re particuli\u00e8re.<\/p>\n","protected":false},"author":1,"featured_media":74,"parent":0,"menu_order":1,"comment_status":"open","ping_status":"closed","template":"templates\/no-sidebar.php","meta":{"footnotes":""},"class_list":["post-52","page","type-page","status-publish","has-post-thumbnail","hentry","entry"],"yoast_head":"<!-- This site is optimized with the Yoast SEO plugin v27.4 - https:\/\/yoast.com\/product\/yoast-seo-wordpress\/ -->\n<title>Ch\u00e2teau Nestor Pirotte - Christophe Dalem<\/title>\n<meta name=\"description\" content=\"Un lieu souvent visit\u00e9 et ab\u00eem\u00e9 mais qui garde une atmosph\u00e8re particuli\u00e8re.\" \/>\n<meta name=\"robots\" content=\"index, follow, max-snippet:-1, max-image-preview:large, max-video-preview:-1\" \/>\n<link rel=\"canonical\" href=\"https:\/\/christophe.dalem.fr\/index.php\/chateau-nestor-pirotte\/\" \/>\n<meta property=\"og:locale\" content=\"fr_FR\" \/>\n<meta property=\"og:type\" content=\"article\" \/>\n<meta property=\"og:title\" content=\"Ch\u00e2teau Nestor Pirotte - Christophe Dalem\" \/>\n<meta property=\"og:description\" content=\"Un lieu souvent visit\u00e9 et ab\u00eem\u00e9 mais qui garde une atmosph\u00e8re particuli\u00e8re.\" \/>\n<meta property=\"og:url\" content=\"https:\/\/christophe.dalem.fr\/index.php\/chateau-nestor-pirotte\/\" \/>\n<meta property=\"og:site_name\" content=\"Christophe Dalem\" \/>\n<meta property=\"article:modified_time\" content=\"2020-07-21T11:02:25+00:00\" \/>\n<meta property=\"og:image\" content=\"https:\/\/christophe.dalem.fr\/wp-content\/uploads\/2019\/09\/Chateau-Pirotte_05.jpg\" \/>\n\t<meta property=\"og:image:width\" content=\"1281\" \/>\n\t<meta property=\"og:image:height\" content=\"1920\" \/>\n\t<meta property=\"og:image:type\" content=\"image\/jpeg\" \/>\n<meta name=\"twitter:card\" content=\"summary_large_image\" \/>\n<script type=\"application\/ld+json\" class=\"yoast-schema-graph\">{\"@context\":\"https:\\\/\\\/schema.org\",\"@graph\":[{\"@type\":\"WebPage\",\"@id\":\"https:\\\/\\\/christophe.dalem.fr\\\/index.php\\\/chateau-nestor-pirotte\\\/\",\"url\":\"https:\\\/\\\/christophe.dalem.fr\\\/index.php\\\/chateau-nestor-pirotte\\\/\",\"name\":\"Ch\u00e2teau Nestor Pirotte - Christophe Dalem\",\"isPartOf\":{\"@id\":\"https:\\\/\\\/christophe.dalem.fr\\\/#website\"},\"primaryImageOfPage\":{\"@id\":\"https:\\\/\\\/christophe.dalem.fr\\\/index.php\\\/chateau-nestor-pirotte\\\/#primaryimage\"},\"image\":{\"@id\":\"https:\\\/\\\/christophe.dalem.fr\\\/index.php\\\/chateau-nestor-pirotte\\\/#primaryimage\"},\"thumbnailUrl\":\"https:\\\/\\\/christophe.dalem.fr\\\/wp-content\\\/uploads\\\/2019\\\/09\\\/Chateau-Pirotte_05.jpg\",\"datePublished\":\"2019-09-07T20:04:58+00:00\",\"dateModified\":\"2020-07-21T11:02:25+00:00\",\"description\":\"Un lieu souvent visit\u00e9 et ab\u00eem\u00e9 mais qui garde une atmosph\u00e8re particuli\u00e8re.\",\"breadcrumb\":{\"@id\":\"https:\\\/\\\/christophe.dalem.fr\\\/index.php\\\/chateau-nestor-pirotte\\\/#breadcrumb\"},\"inLanguage\":\"fr-FR\",\"potentialAction\":[{\"@type\":\"ReadAction\",\"target\":[\"https:\\\/\\\/christophe.dalem.fr\\\/index.php\\\/chateau-nestor-pirotte\\\/\"]}]},{\"@type\":\"ImageObject\",\"inLanguage\":\"fr-FR\",\"@id\":\"https:\\\/\\\/christophe.dalem.fr\\\/index.php\\\/chateau-nestor-pirotte\\\/#primaryimage\",\"url\":\"https:\\\/\\\/christophe.dalem.fr\\\/wp-content\\\/uploads\\\/2019\\\/09\\\/Chateau-Pirotte_05.jpg\",\"contentUrl\":\"https:\\\/\\\/christophe.dalem.fr\\\/wp-content\\\/uploads\\\/2019\\\/09\\\/Chateau-Pirotte_05.jpg\",\"width\":1281,\"height\":1920,\"caption\":\"Chateau-Pirotte_05\"},{\"@type\":\"BreadcrumbList\",\"@id\":\"https:\\\/\\\/christophe.dalem.fr\\\/index.php\\\/chateau-nestor-pirotte\\\/#breadcrumb\",\"itemListElement\":[{\"@type\":\"ListItem\",\"position\":1,\"name\":\"Home\",\"item\":\"https:\\\/\\\/christophe.dalem.fr\\\/\"},{\"@type\":\"ListItem\",\"position\":2,\"name\":\"Ch\u00e2teau Nestor Pirotte\"}]},{\"@type\":\"WebSite\",\"@id\":\"https:\\\/\\\/christophe.dalem.fr\\\/#website\",\"url\":\"https:\\\/\\\/christophe.dalem.fr\\\/\",\"name\":\"Christophe Dalem\",\"description\":\"\",\"publisher\":{\"@id\":\"https:\\\/\\\/christophe.dalem.fr\\\/#\\\/schema\\\/person\\\/e9ad51d9bcb5d809d6680f2f9b48b170\"},\"potentialAction\":[{\"@type\":\"SearchAction\",\"target\":{\"@type\":\"EntryPoint\",\"urlTemplate\":\"https:\\\/\\\/christophe.dalem.fr\\\/?s={search_term_string}\"},\"query-input\":{\"@type\":\"PropertyValueSpecification\",\"valueRequired\":true,\"valueName\":\"search_term_string\"}}],\"inLanguage\":\"fr-FR\"},{\"@type\":[\"Person\",\"Organization\"],\"@id\":\"https:\\\/\\\/christophe.dalem.fr\\\/#\\\/schema\\\/person\\\/e9ad51d9bcb5d809d6680f2f9b48b170\",\"name\":\"Christophe Dalem\",\"image\":{\"@type\":\"ImageObject\",\"inLanguage\":\"fr-FR\",\"@id\":\"https:\\\/\\\/secure.gravatar.com\\\/avatar\\\/382c11ec53444d6920a450684b1bfcb1b0bf4b713d0e1366f2d85a1a4c8f5944?s=96&d=mm&r=g\",\"url\":\"https:\\\/\\\/secure.gravatar.com\\\/avatar\\\/382c11ec53444d6920a450684b1bfcb1b0bf4b713d0e1366f2d85a1a4c8f5944?s=96&d=mm&r=g\",\"contentUrl\":\"https:\\\/\\\/secure.gravatar.com\\\/avatar\\\/382c11ec53444d6920a450684b1bfcb1b0bf4b713d0e1366f2d85a1a4c8f5944?s=96&d=mm&r=g\",\"caption\":\"Christophe Dalem\"},\"logo\":{\"@id\":\"https:\\\/\\\/secure.gravatar.com\\\/avatar\\\/382c11ec53444d6920a450684b1bfcb1b0bf4b713d0e1366f2d85a1a4c8f5944?s=96&d=mm&r=g\"},\"sameAs\":[\"https:\\\/\\\/christophe.dalem.fr\",\"https:\\\/\\\/www.instagram.com\\\/christophe_dalem\\\/\"]}]}<\/script>\n<!-- \/ Yoast SEO plugin. -->","yoast_head_json":{"title":"Ch\u00e2teau Nestor Pirotte - Christophe Dalem","description":"Un lieu souvent visit\u00e9 et ab\u00eem\u00e9 mais qui garde une atmosph\u00e8re particuli\u00e8re.","robots":{"index":"index","follow":"follow","max-snippet":"max-snippet:-1","max-image-preview":"max-image-preview:large","max-video-preview":"max-video-preview:-1"},"canonical":"https:\/\/christophe.dalem.fr\/index.php\/chateau-nestor-pirotte\/","og_locale":"fr_FR","og_type":"article","og_title":"Ch\u00e2teau Nestor Pirotte - Christophe Dalem","og_description":"Un lieu souvent visit\u00e9 et ab\u00eem\u00e9 mais qui garde une atmosph\u00e8re particuli\u00e8re.","og_url":"https:\/\/christophe.dalem.fr\/index.php\/chateau-nestor-pirotte\/","og_site_name":"Christophe Dalem","article_modified_time":"2020-07-21T11:02:25+00:00","og_image":[{"width":1281,"height":1920,"url":"https:\/\/christophe.dalem.fr\/wp-content\/uploads\/2019\/09\/Chateau-Pirotte_05.jpg","type":"image\/jpeg"}],"twitter_card":"summary_large_image","schema":{"@context":"https:\/\/schema.org","@graph":[{"@type":"WebPage","@id":"https:\/\/christophe.dalem.fr\/index.php\/chateau-nestor-pirotte\/","url":"https:\/\/christophe.dalem.fr\/index.php\/chateau-nestor-pirotte\/","name":"Ch\u00e2teau Nestor Pirotte - Christophe Dalem","isPartOf":{"@id":"https:\/\/christophe.dalem.fr\/#website"},"primaryImageOfPage":{"@id":"https:\/\/christophe.dalem.fr\/index.php\/chateau-nestor-pirotte\/#primaryimage"},"image":{"@id":"https:\/\/christophe.dalem.fr\/index.php\/chateau-nestor-pirotte\/#primaryimage"},"thumbnailUrl":"https:\/\/christophe.dalem.fr\/wp-content\/uploads\/2019\/09\/Chateau-Pirotte_05.jpg","datePublished":"2019-09-07T20:04:58+00:00","dateModified":"2020-07-21T11:02:25+00:00","description":"Un lieu souvent visit\u00e9 et ab\u00eem\u00e9 mais qui garde une atmosph\u00e8re particuli\u00e8re.","breadcrumb":{"@id":"https:\/\/christophe.dalem.fr\/index.php\/chateau-nestor-pirotte\/#breadcrumb"},"inLanguage":"fr-FR","potentialAction":[{"@type":"ReadAction","target":["https:\/\/christophe.dalem.fr\/index.php\/chateau-nestor-pirotte\/"]}]},{"@type":"ImageObject","inLanguage":"fr-FR","@id":"https:\/\/christophe.dalem.fr\/index.php\/chateau-nestor-pirotte\/#primaryimage","url":"https:\/\/christophe.dalem.fr\/wp-content\/uploads\/2019\/09\/Chateau-Pirotte_05.jpg","contentUrl":"https:\/\/christophe.dalem.fr\/wp-content\/uploads\/2019\/09\/Chateau-Pirotte_05.jpg","width":1281,"height":1920,"caption":"Chateau-Pirotte_05"},{"@type":"BreadcrumbList","@id":"https:\/\/christophe.dalem.fr\/index.php\/chateau-nestor-pirotte\/#breadcrumb","itemListElement":[{"@type":"ListItem","position":1,"name":"Home","item":"https:\/\/christophe.dalem.fr\/"},{"@type":"ListItem","position":2,"name":"Ch\u00e2teau Nestor Pirotte"}]},{"@type":"WebSite","@id":"https:\/\/christophe.dalem.fr\/#website","url":"https:\/\/christophe.dalem.fr\/","name":"Christophe Dalem","description":"","publisher":{"@id":"https:\/\/christophe.dalem.fr\/#\/schema\/person\/e9ad51d9bcb5d809d6680f2f9b48b170"},"potentialAction":[{"@type":"SearchAction","target":{"@type":"EntryPoint","urlTemplate":"https:\/\/christophe.dalem.fr\/?s={search_term_string}"},"query-input":{"@type":"PropertyValueSpecification","valueRequired":true,"valueName":"search_term_string"}}],"inLanguage":"fr-FR"},{"@type":["Person","Organization"],"@id":"https:\/\/christophe.dalem.fr\/#\/schema\/person\/e9ad51d9bcb5d809d6680f2f9b48b170","name":"Christophe Dalem","image":{"@type":"ImageObject","inLanguage":"fr-FR","@id":"https:\/\/secure.gravatar.com\/avatar\/382c11ec53444d6920a450684b1bfcb1b0bf4b713d0e1366f2d85a1a4c8f5944?s=96&d=mm&r=g","url":"https:\/\/secure.gravatar.com\/avatar\/382c11ec53444d6920a450684b1bfcb1b0bf4b713d0e1366f2d85a1a4c8f5944?s=96&d=mm&r=g","contentUrl":"https:\/\/secure.gravatar.com\/avatar\/382c11ec53444d6920a450684b1bfcb1b0bf4b713d0e1366f2d85a1a4c8f5944?s=96&d=mm&r=g","caption":"Christophe Dalem"},"logo":{"@id":"https:\/\/secure.gravatar.com\/avatar\/382c11ec53444d6920a450684b1bfcb1b0bf4b713d0e1366f2d85a1a4c8f5944?s=96&d=mm&r=g"},"sameAs":["https:\/\/christophe.dalem.fr","https:\/\/www.instagram.com\/christophe_dalem\/"]}]}},"_links":{"self":[{"href":"https:\/\/christophe.dalem.fr\/index.php\/wp-json\/wp\/v2\/pages\/52","targetHints":{"allow":["GET"]}}],"collection":[{"href":"https:\/\/christophe.dalem.fr\/index.php\/wp-json\/wp\/v2\/pages"}],"about":[{"href":"https:\/\/christophe.dalem.fr\/index.php\/wp-json\/wp\/v2\/types\/page"}],"author":[{"embeddable":true,"href":"https:\/\/christophe.dalem.fr\/index.php\/wp-json\/wp\/v2\/users\/1"}],"replies":[{"embeddable":true,"href":"https:\/\/christophe.dalem.fr\/index.php\/wp-json\/wp\/v2\/comments?post=52"}],"version-history":[{"count":10,"href":"https:\/\/christophe.dalem.fr\/index.php\/wp-json\/wp\/v2\/pages\/52\/revisions"}],"predecessor-version":[{"id":426,"href":"https:\/\/christophe.dalem.fr\/index.php\/wp-json\/wp\/v2\/pages\/52\/revisions\/426"}],"wp:featuredmedia":[{"embeddable":true,"href":"https:\/\/christophe.dalem.fr\/index.php\/wp-json\/wp\/v2\/media\/74"}],"wp:attachment":[{"href":"https:\/\/christophe.dalem.fr\/index.php\/wp-json\/wp\/v2\/media?parent=52"}],"curies":[{"name":"wp","href":"https:\/\/api.w.org\/{rel}","templated":true}]}}